{"id":941,"date":"2020-03-30T15:18:03","date_gmt":"2020-03-30T13:18:03","guid":{"rendered":"https:\/\/www.schabert.org\/?page_id=941"},"modified":"2020-03-31T14:28:50","modified_gmt":"2020-03-31T12:28:50","slug":"herausgabe","status":"publish","type":"page","link":"https:\/\/www.schabert.org\/fr\/ina\/bibliographie2\/herausgabe\/","title":{"rendered":"Herausgebert\u00e4tigkeit"},"content":{"rendered":"<section class=\"wpb-content-wrapper\"><p>[vc_row][vc_column width=\u00a0\u00bb4\/5&Prime;][vc_column_text]<\/p>\n<h3><strong>Herausgebert\u00e4tigkeit<\/strong><\/h3>\n<p>[\/vc_column_text][\/vc_column][vc_column width=\u00a0\u00bb1\/5&Prime;][vc_raw_html]JTNDYSUyMG5hbWUlM0QlMjJoZXJhdXNnYWJlJTIyJTNFJTNDJTJGYSUzRQ==[\/vc_raw_html][\/vc_column][\/vc_row][vc_row css=\u00a0\u00bb.vc_custom_1585580566192{padding-right: 100px !important;}\u00a0\u00bb][vc_column css=\u00a0\u00bb.vc_custom_1585580875333{padding-right: 50px !important;}\u00a0\u00bb][vc_column_text]Wolfgang Clemen im Kontext seiner Zeit: Ein Beitrag zur Wissenschaftsgeschichte vor und nach dem Zweiten Weltkrieg, hg. Ina Schabert, Heidelberg: Universit\u00e4tsverlag Winter 2009, xiv+218 S. (<a href=\"https:\/\/www.schabert.org\/wp-content\/uploads\/2020\/03\/ClemenWerbetext.pdf\" target=\"_blank\" rel=\"noopener noreferrer\">Flyer mit Bestellformular als PDF<\/a>\u00a0oder\u00a0zur <a href=\"https:\/\/www.amazon.de\/dp\/3825354040\/ref=cm_sw_em_r_mt_dp_U_24GGEbSVH6WWP\" target=\"_blank\" rel=\"noopener noreferrer\">Buchbestellung bei Amazon<\/a>).[\/vc_column_text][vc_separator color=\u00a0\u00bbcustom\u00a0\u00bb style=\u00a0\u00bbdotted\u00a0\u00bb accent_color=\u00a0\u00bb#658290&Prime;][\/vc_column][\/vc_row][vc_row][vc_column][\/vc_column][\/vc_row]<\/p>\n<\/section>","protected":false},"excerpt":{"rendered":"<p>[vc_row][vc_column width=\u00a0\u00bb4\/5&Prime;][vc_column_text] Herausgebert\u00e4tigkeit [\/vc_column_text][\/vc_column][vc_column width=\u00a0\u00bb1\/5&Prime;][vc_raw_html]JTNDYSUyMG5hbWUlM0QlMjJoZXJhdXNnYWJlJTIyJTNFJTNDJTJGYSUzRQ==[\/vc_raw_html][\/vc_column][\/vc_row][vc_row css=\u00a0\u00bb.vc_custom_1585580566192{padding-right: 100px !important;}\u00a0\u00bb][vc_column css=\u00a0\u00bb.vc_custom_1585580875333{padding-right: 50px !important;}\u00a0\u00bb][vc_column_text]Wolfgang Clemen im Kontext seiner Zeit: Ein Beitrag zur Wissenschaftsgeschichte vor und nach dem Zweiten Weltkrieg,<span class=\"excerpt-hellip\"> [\u2026]<\/span><\/p>\n","protected":false},"author":3,"featured_media":99,"parent":938,"menu_order":231,"comment_status":"closed","ping_status":"closed","template":"","meta":{"footnotes":""},"class_list":["post-941","page","type-page","status-publish","has-post-thumbnail","hentry"],"yoast_head":"<!-- This site is optimized with the Yoast SEO plugin v27.3 - https:\/\/yoast.com\/product\/yoast-seo-wordpress\/ -->\n<title>Herausgebert\u00e4tigkeit<\/title>\n<meta name=\"robots\" content=\"index, follow, max-snippet:-1, max-image-preview:large, max-video-preview:-1\" \/>\n<link rel=\"canonical\" href=\"https:\/\/www.schabert.org\/fr\/ina\/bibliographie2\/herausgabe\/\" \/>\n<meta property=\"og:locale\" content=\"fr_FR\" \/>\n<meta property=\"og:locale:alternate\" content=\"de_DE_formal\" \/>\n<meta property=\"og:locale:alternate\" content=\"en_GB\" \/>\n<meta property=\"og:type\" content=\"article\" \/>\n<meta property=\"og:title\" content=\"Herausgebert\u00e4tigkeit\" \/>\n<meta property=\"og:description\" content=\"[vc_row][vc_column width=\u00a0\u00bb4\/5&Prime;][vc_column_text] Herausgebert\u00e4tigkeit [\/vc_column_text][\/vc_column][vc_column width=\u00a0\u00bb1\/5&Prime;][vc_raw_html]JTNDYSUyMG5hbWUlM0QlMjJoZXJhdXNnYWJlJTIyJTNFJTNDJTJGYSUzRQ==[\/vc_raw_html][\/vc_column][\/vc_row][vc_row css=\u00a0\u00bb.vc_custom_1585580566192{padding-right: 100px !important;}\u00a0\u00bb][vc_column css=\u00a0\u00bb.vc_custom_1585580875333{padding-right: 50px !important;}\u00a0\u00bb][vc_column_text]Wolfgang Clemen im Kontext seiner Zeit: Ein Beitrag zur Wissenschaftsgeschichte vor und nach dem Zweiten Weltkrieg, [\u2026]\" \/>\n<meta property=\"og:url\" content=\"https:\/\/www.schabert.org\/fr\/ina\/bibliographie2\/herausgabe\/\" \/>\n<meta property=\"og:site_name\" content=\"schabert.org\" \/>\n<meta property=\"article:modified_time\" content=\"2020-03-31T12:28:50+00:00\" \/>\n<meta property=\"og:image\" content=\"https:\/\/www.schabert.org\/wp-content\/uploads\/2020\/02\/banner3.jpg\" \/>\n\t<meta property=\"og:image:width\" content=\"1280\" \/>\n\t<meta property=\"og:image:height\" content=\"450\" \/>\n\t<meta property=\"og:image:type\" content=\"image\/jpeg\" \/>\n<meta name=\"twitter:card\" content=\"summary_large_image\" \/>\n<meta name=\"twitter:label1\" content=\"Dur\u00e9e de lecture estim\u00e9e\" \/>\n\t<meta name=\"twitter:data1\" content=\"2 minutes\" \/>\n<script type=\"application\/ld+json\" class=\"yoast-schema-graph\">{\"@context\":\"https:\\\/\\\/schema.org\",\"@graph\":[{\"@type\":\"WebPage\",\"@id\":\"https:\\\/\\\/www.schabert.org\\\/ina\\\/bibliographie2\\\/herausgabe\\\/\",\"url\":\"https:\\\/\\\/www.schabert.org\\\/ina\\\/bibliographie2\\\/herausgabe\\\/\",\"name\":\"Herausgebert\u00e4tigkeit\",\"isPartOf\":{\"@id\":\"https:\\\/\\\/www.schabert.org\\\/#website\"},\"primaryImageOfPage\":{\"@id\":\"https:\\\/\\\/www.schabert.org\\\/ina\\\/bibliographie2\\\/herausgabe\\\/#primaryimage\"},\"image\":{\"@id\":\"https:\\\/\\\/www.schabert.org\\\/ina\\\/bibliographie2\\\/herausgabe\\\/#primaryimage\"},\"thumbnailUrl\":\"https:\\\/\\\/www.schabert.org\\\/wp-content\\\/uploads\\\/2020\\\/02\\\/banner3.jpg\",\"datePublished\":\"2020-03-30T13:18:03+00:00\",\"dateModified\":\"2020-03-31T12:28:50+00:00\",\"breadcrumb\":{\"@id\":\"https:\\\/\\\/www.schabert.org\\\/ina\\\/bibliographie2\\\/herausgabe\\\/#breadcrumb\"},\"inLanguage\":\"fr-FR\",\"potentialAction\":[{\"@type\":\"ReadAction\",\"target\":[\"https:\\\/\\\/www.schabert.org\\\/ina\\\/bibliographie2\\\/herausgabe\\\/\"]}]},{\"@type\":\"ImageObject\",\"inLanguage\":\"fr-FR\",\"@id\":\"https:\\\/\\\/www.schabert.org\\\/ina\\\/bibliographie2\\\/herausgabe\\\/#primaryimage\",\"url\":\"https:\\\/\\\/www.schabert.org\\\/wp-content\\\/uploads\\\/2020\\\/02\\\/banner3.jpg\",\"contentUrl\":\"https:\\\/\\\/www.schabert.org\\\/wp-content\\\/uploads\\\/2020\\\/02\\\/banner3.jpg\",\"width\":1280,\"height\":450},{\"@type\":\"BreadcrumbList\",\"@id\":\"https:\\\/\\\/www.schabert.org\\\/ina\\\/bibliographie2\\\/herausgabe\\\/#breadcrumb\",\"itemListElement\":[{\"@type\":\"ListItem\",\"position\":1,\"name\":\"Startseite\",\"item\":\"https:\\\/\\\/www.schabert.org\\\/\"},{\"@type\":\"ListItem\",\"position\":2,\"name\":\"Ina Schabert\",\"item\":\"https:\\\/\\\/www.schabert.org\\\/ina\\\/\"},{\"@type\":\"ListItem\",\"position\":3,\"name\":\"Bibliographie ab 2006\",\"item\":\"https:\\\/\\\/www.schabert.org\\\/ina\\\/bibliographie2\\\/\"},{\"@type\":\"ListItem\",\"position\":4,\"name\":\"Herausgebert\u00e4tigkeit\"}]},{\"@type\":\"WebSite\",\"@id\":\"https:\\\/\\\/www.schabert.org\\\/#website\",\"url\":\"https:\\\/\\\/www.schabert.org\\\/\",\"name\":\"schabert.org\",\"description\":\"\",\"publisher\":{\"@id\":\"https:\\\/\\\/www.schabert.org\\\/#organization\"},\"potentialAction\":[{\"@type\":\"SearchAction\",\"target\":{\"@type\":\"EntryPoint\",\"urlTemplate\":\"https:\\\/\\\/www.schabert.org\\\/?s={search_term_string}\"},\"query-input\":{\"@type\":\"PropertyValueSpecification\",\"valueRequired\":true,\"valueName\":\"search_term_string\"}}],\"inLanguage\":\"fr-FR\"},{\"@type\":\"Organization\",\"@id\":\"https:\\\/\\\/www.schabert.org\\\/#organization\",\"name\":\"www.schabert.org\",\"url\":\"https:\\\/\\\/www.schabert.org\\\/\",\"logo\":{\"@type\":\"ImageObject\",\"inLanguage\":\"fr-FR\",\"@id\":\"https:\\\/\\\/www.schabert.org\\\/#\\\/schema\\\/logo\\\/image\\\/\",\"url\":\"https:\\\/\\\/www.schabert.org\\\/wp-content\\\/uploads\\\/2020\\\/02\\\/Logo_schabertorg_3.png\",\"contentUrl\":\"https:\\\/\\\/www.schabert.org\\\/wp-content\\\/uploads\\\/2020\\\/02\\\/Logo_schabertorg_3.png\",\"width\":3000,\"height\":750,\"caption\":\"www.schabert.org\"},\"image\":{\"@id\":\"https:\\\/\\\/www.schabert.org\\\/#\\\/schema\\\/logo\\\/image\\\/\"}}]}<\/script>\n<!-- \/ Yoast SEO plugin. -->","yoast_head_json":{"title":"Herausgebert\u00e4tigkeit","robots":{"index":"index","follow":"follow","max-snippet":"max-snippet:-1","max-image-preview":"max-image-preview:large","max-video-preview":"max-video-preview:-1"},"canonical":"https:\/\/www.schabert.org\/fr\/ina\/bibliographie2\/herausgabe\/","og_locale":"fr_FR","og_type":"article","og_title":"[:de]Herausgebert\u00e4tigkeit[:en]Herausgebert\u00e4tigkeit[:fr]Herausgebert\u00e4tigkeit[:] - schabert.org","og_description":"[vc_row][vc_column width=\u00a0\u00bb4\/5&Prime;][vc_column_text] Herausgebert\u00e4tigkeit [\/vc_column_text][\/vc_column][vc_column width=\u00a0\u00bb1\/5&Prime;][vc_raw_html]JTNDYSUyMG5hbWUlM0QlMjJoZXJhdXNnYWJlJTIyJTNFJTNDJTJGYSUzRQ==[\/vc_raw_html][\/vc_column][\/vc_row][vc_row css=\u00a0\u00bb.vc_custom_1585580566192{padding-right: 100px !important;}\u00a0\u00bb][vc_column css=\u00a0\u00bb.vc_custom_1585580875333{padding-right: 50px !important;}\u00a0\u00bb][vc_column_text]Wolfgang Clemen im Kontext seiner Zeit: Ein Beitrag zur Wissenschaftsgeschichte vor und nach dem Zweiten Weltkrieg, [\u2026]","og_url":"https:\/\/www.schabert.org\/fr\/ina\/bibliographie2\/herausgabe\/","og_site_name":"schabert.org","article_modified_time":"2020-03-31T12:28:50+00:00","og_image":[{"width":1280,"height":450,"url":"https:\/\/www.schabert.org\/wp-content\/uploads\/2020\/02\/banner3.jpg","type":"image\/jpeg"}],"twitter_card":"summary_large_image","twitter_misc":{"Dur\u00e9e de lecture estim\u00e9e":"2 minutes"},"schema":{"@context":"https:\/\/schema.org","@graph":[{"@type":"WebPage","@id":"https:\/\/www.schabert.org\/ina\/bibliographie2\/herausgabe\/","url":"https:\/\/www.schabert.org\/ina\/bibliographie2\/herausgabe\/","name":"Herausgebert\u00e4tigkeit","isPartOf":{"@id":"https:\/\/www.schabert.org\/#website"},"primaryImageOfPage":{"@id":"https:\/\/www.schabert.org\/ina\/bibliographie2\/herausgabe\/#primaryimage"},"image":{"@id":"https:\/\/www.schabert.org\/ina\/bibliographie2\/herausgabe\/#primaryimage"},"thumbnailUrl":"https:\/\/www.schabert.org\/wp-content\/uploads\/2020\/02\/banner3.jpg","datePublished":"2020-03-30T13:18:03+00:00","dateModified":"2020-03-31T12:28:50+00:00","breadcrumb":{"@id":"https:\/\/www.schabert.org\/ina\/bibliographie2\/herausgabe\/#breadcrumb"},"inLanguage":"fr-FR","potentialAction":[{"@type":"ReadAction","target":["https:\/\/www.schabert.org\/ina\/bibliographie2\/herausgabe\/"]}]},{"@type":"ImageObject","inLanguage":"fr-FR","@id":"https:\/\/www.schabert.org\/ina\/bibliographie2\/herausgabe\/#primaryimage","url":"https:\/\/www.schabert.org\/wp-content\/uploads\/2020\/02\/banner3.jpg","contentUrl":"https:\/\/www.schabert.org\/wp-content\/uploads\/2020\/02\/banner3.jpg","width":1280,"height":450},{"@type":"BreadcrumbList","@id":"https:\/\/www.schabert.org\/ina\/bibliographie2\/herausgabe\/#breadcrumb","itemListElement":[{"@type":"ListItem","position":1,"name":"Startseite","item":"https:\/\/www.schabert.org\/"},{"@type":"ListItem","position":2,"name":"Ina Schabert","item":"https:\/\/www.schabert.org\/ina\/"},{"@type":"ListItem","position":3,"name":"Bibliographie ab 2006","item":"https:\/\/www.schabert.org\/ina\/bibliographie2\/"},{"@type":"ListItem","position":4,"name":"Herausgebert\u00e4tigkeit"}]},{"@type":"WebSite","@id":"https:\/\/www.schabert.org\/#website","url":"https:\/\/www.schabert.org\/","name":"schabert.org","description":"","publisher":{"@id":"https:\/\/www.schabert.org\/#organization"},"potentialAction":[{"@type":"SearchAction","target":{"@type":"EntryPoint","urlTemplate":"https:\/\/www.schabert.org\/?s={search_term_string}"},"query-input":{"@type":"PropertyValueSpecification","valueRequired":true,"valueName":"search_term_string"}}],"inLanguage":"fr-FR"},{"@type":"Organization","@id":"https:\/\/www.schabert.org\/#organization","name":"www.schabert.org","url":"https:\/\/www.schabert.org\/","logo":{"@type":"ImageObject","inLanguage":"fr-FR","@id":"https:\/\/www.schabert.org\/#\/schema\/logo\/image\/","url":"https:\/\/www.schabert.org\/wp-content\/uploads\/2020\/02\/Logo_schabertorg_3.png","contentUrl":"https:\/\/www.schabert.org\/wp-content\/uploads\/2020\/02\/Logo_schabertorg_3.png","width":3000,"height":750,"caption":"www.schabert.org"},"image":{"@id":"https:\/\/www.schabert.org\/#\/schema\/logo\/image\/"}}]}},"_links":{"self":[{"href":"https:\/\/www.schabert.org\/fr\/wp-json\/wp\/v2\/pages\/941","targetHints":{"allow":["GET"]}}],"collection":[{"href":"https:\/\/www.schabert.org\/fr\/wp-json\/wp\/v2\/pages"}],"about":[{"href":"https:\/\/www.schabert.org\/fr\/wp-json\/wp\/v2\/types\/page"}],"author":[{"embeddable":true,"href":"https:\/\/www.schabert.org\/fr\/wp-json\/wp\/v2\/users\/3"}],"replies":[{"embeddable":true,"href":"https:\/\/www.schabert.org\/fr\/wp-json\/wp\/v2\/comments?post=941"}],"version-history":[{"count":10,"href":"https:\/\/www.schabert.org\/fr\/wp-json\/wp\/v2\/pages\/941\/revisions"}],"predecessor-version":[{"id":1129,"href":"https:\/\/www.schabert.org\/fr\/wp-json\/wp\/v2\/pages\/941\/revisions\/1129"}],"up":[{"embeddable":true,"href":"https:\/\/www.schabert.org\/fr\/wp-json\/wp\/v2\/pages\/938"}],"wp:featuredmedia":[{"embeddable":true,"href":"https:\/\/www.schabert.org\/fr\/wp-json\/wp\/v2\/media\/99"}],"wp:attachment":[{"href":"https:\/\/www.schabert.org\/fr\/wp-json\/wp\/v2\/media?parent=941"}],"curies":[{"name":"wp","href":"https:\/\/api.w.org\/{rel}","templated":true}]}}