{"id":938,"date":"2020-03-30T15:16:40","date_gmt":"2020-03-30T13:16:40","guid":{"rendered":"https:\/\/www.schabert.org\/?page_id=938"},"modified":"2024-11-30T21:11:34","modified_gmt":"2024-11-30T20:11:34","slug":"bibliographie2","status":"publish","type":"page","link":"https:\/\/www.schabert.org\/fr\/ina\/bibliographie2\/","title":{"rendered":"Bibliographie ab 2006"},"content":{"rendered":"<section class=\"wpb-content-wrapper\"><p>[vc_row][vc_column width=\u00a0\u00bb4\/5&Prime;][vc_column_text]<\/p>\n<h3><strong>B\u00fccher<\/strong><\/h3>\n<p>[\/vc_column_text][\/vc_column][vc_column width=\u00a0\u00bb1\/5&Prime;][vc_raw_html]JTNDYSUyMG5hbWUlM0QlMjJidWNoJTIyJTNFJTNDJTJGYSUzRQ==[\/vc_raw_html][\/vc_column][\/vc_row][vc_row][vc_column width=\u00a0\u00bb4\/5&Prime;][vc_column_text]<strong>Englische Literaturgeschichte des 20. Jahrhunderts: Eine neue Darstellung aus der Sicht der Geschlechterforschung. Stuttgart: Alfred Kr\u00f6ner Verlag 2006. xiii + 497 S. (= Band 2 der\u00a0Englischen Literaturgeschichte aus der Sicht der Geschlechterforschung\u00a0von 1997).<\/strong>[\/vc_column_text][vc_gallery type=\u00a0\u00bbimage_grid\u00a0\u00bb images=\u00a0\u00bb1019,1018&Prime; img_size=\u00a0\u00bbmedium\u00a0\u00bb][vc_btn title=\u00a0\u00bbBuchbestellung\u00a0\u00bb i_icon_fontawesome=\u00a0\u00bbfas fa-shopping-cart\u00a0\u00bb add_icon=\u00a0\u00bbtrue\u00a0\u00bb custom_onclick=\u00a0\u00bbtrue\u00a0\u00bb link=\u00a0\u00bburl:https%3A%2F%2Fwww.amazon.de%2Fdp%2F3520397013%2Fref%3Dcm_sw_em_r_mt_dp_U_tnIGEbB1R2A8C%20||target:%20_blank|rel:nofollow\u00a0\u00bb css=\u00a0\u00bb.vc_custom_1585587056798{margin-top: -30px !important;padding-top: 0px !important;}\u00a0\u00bb][\/vc_column][vc_column width=\u00a0\u00bb1\/5&Prime;][vc_empty_space height=\u00a0\u00bb10px\u00a0\u00bb][\/vc_column][\/vc_row][vc_row][vc_column][vc_separator color=\u00a0\u00bbcustom\u00a0\u00bb align=\u00a0\u00bbalign_left\u00a0\u00bb style=\u00a0\u00bbdotted\u00a0\u00bb el_width=\u00a0\u00bb90&Prime; accent_color=\u00a0\u00bb#658290&Prime;][\/vc_column][\/vc_row][vc_row][vc_column width=\u00a0\u00bb4\/5&Prime;][vc_column_text]<strong>Shakespeare-Handbuch, 5., durchgesehene und erg\u00e4nzte Auflage, Stuttgart, Alfred Kr\u00f6ner 2009, xxiii + 958 S. <\/strong><\/p>\n<p><i>\u00a0 \u00a0 \u00a0 \u00a0 \u00a0 \u00a0<\/i><b>Die Entstehung der M\u00fcnchener Shakespeare-Bibliothek: Ein Feenm\u00e4rchen.<br \/>\n<\/b><i>\u00a0 \u00a0 \u00a0 \u00a0 \u00a0 \u00a0<\/i>Festrede anl\u00e4\u00dflich der Gr\u00fcndungsfeier der Bibliothek am 4. Juni 2024 (<a href=\"https:\/\/www.schabert.org\/wp-content\/uploads\/2024\/11\/Die-Gruendung-der-Bibliothek54.pdf\" target=\"_blank\" rel=\"noopener\">PDF<\/a>).[\/vc_column_text][\/vc_column][vc_column width=\u00a0\u00bb1\/5&Prime;][vc_empty_space height=\u00a0\u00bb10px\u00a0\u00bb][\/vc_column][\/vc_row][vc_row][vc_column][vc_separator color=\u00a0\u00bbcustom\u00a0\u00bb align=\u00a0\u00bbalign_left\u00a0\u00bb style=\u00a0\u00bbdotted\u00a0\u00bb el_width=\u00a0\u00bb90&Prime; accent_color=\u00a0\u00bb#658290&Prime;][\/vc_column][\/vc_row][vc_row][vc_column width=\u00a0\u00bb4\/5&Prime;][vc_column_text]<strong>SHAKESPEAREs: Die unendliche Vielfalt der Bilder. Stuttgart: Alfred Kr\u00f6ner Verlag 2013. 199\u00a0S.<\/strong>[\/vc_column_text][vc_gallery type=\u00a0\u00bbimage_grid\u00a0\u00bb images=\u00a0\u00bb1030,1029&Prime; img_size=\u00a0\u00bbmedium\u00a0\u00bb][vc_btn title=\u00a0\u00bbBuchbestellung\u00a0\u00bb i_icon_fontawesome=\u00a0\u00bbfas fa-shopping-cart\u00a0\u00bb add_icon=\u00a0\u00bbtrue\u00a0\u00bb custom_onclick=\u00a0\u00bbtrue\u00a0\u00bb link=\u00a0\u00bburl:https%3A%2F%2Fwww.amazon.de%2Fdp%2F3520511010%2Fref%3Dcm_sw_em_r_mt_dp_U_kpIGEbM1B5HE7%20||target:%20_blank|rel:nofollow\u00a0\u00bb css=\u00a0\u00bb.vc_custom_1585587162036{margin-top: -30px !important;padding-top: 0px !important;}\u00a0\u00bb][\/vc_column][vc_column width=\u00a0\u00bb1\/5&Prime;][vc_empty_space height=\u00a0\u00bb10px\u00a0\u00bb][\/vc_column][\/vc_row][vc_row][vc_column][vc_separator color=\u00a0\u00bbcustom\u00a0\u00bb align=\u00a0\u00bbalign_left\u00a0\u00bb style=\u00a0\u00bbdotted\u00a0\u00bb el_width=\u00a0\u00bb90&Prime; accent_color=\u00a0\u00bb#658290&Prime;][\/vc_column][\/vc_row][vc_row][vc_column width=\u00a0\u00bb4\/5&Prime;][vc_column_text]<strong>Die Gleichheit der Geschlechter: Eine Literaturgeschichte der Aufkl\u00e4rung. Herausgegeben und eingeleitet von Isabel Karremann. [Bd. 1 der Reihe \u201eDie feministische Aufkl\u00e4rung in Europa]. Berlin: Springer Berlin &#8211; J.B. Metzler. 2021. XIX und 300 S. <\/strong>[\/vc_column_text][vc_gallery type=\u00a0\u00bbimage_grid\u00a0\u00bb images=\u00a0\u00bb1344,1345&Prime; img_size=\u00a0\u00bbmedium\u00a0\u00bb][vc_btn title=\u00a0\u00bbBuchbestellung\u00a0\u00bb i_icon_fontawesome=\u00a0\u00bbfas fa-shopping-cart\u00a0\u00bb add_icon=\u00a0\u00bbtrue\u00a0\u00bb custom_onclick=\u00a0\u00bbtrue\u00a0\u00bb link=\u00a0\u00bburl:https%3A%2F%2Fwww.amazon.de%2Fdp%2F3662629801%2Fref%3Dcm_sw_em_r_mt_dp_KZ67M2QTJ4HM44QEAMHV||target:%20_blank|rel:nofollow\u00a0\u00bb css=\u00a0\u00bb.vc_custom_1631558862818{margin-top: -30px !important;padding-top: 0px !important;}\u00a0\u00bb][\/vc_column][vc_column width=\u00a0\u00bb1\/5&Prime;][vc_empty_space height=\u00a0\u00bb10px\u00a0\u00bb][\/vc_column][\/vc_row][vc_row][vc_column][vc_separator color=\u00a0\u00bbcustom\u00a0\u00bb align=\u00a0\u00bbalign_left\u00a0\u00bb style=\u00a0\u00bbdotted\u00a0\u00bb el_width=\u00a0\u00bb90&Prime; accent_color=\u00a0\u00bb#658290&Prime;][\/vc_column][\/vc_row][vc_row][vc_column width=\u00a0\u00bb4\/5&Prime;][vc_column_text]<b>Anne-Marie du Boccage: La Colombiade (1756) \u2013 Die Columbiade (1762) : \u00c9dition bilingue, \u00e9tablie et pr\u00e9sent\u00e9e par Ina Schabert \u2013 Zweisprachige kritische Edition, herausgegeben von Ina Schabert<\/b><b>. <\/b><b>[Bd. 2 der Reihe <\/b><b>\u201eDie feministische Aufkl\u00e4rung in Europa].<\/b><b> Berlin: Springer &#8211; J.B. Metzler. 2021. X und 463 S.<\/b>[\/vc_column_text][vc_gallery type=\u00a0\u00bbimage_grid\u00a0\u00bb images=\u00a0\u00bb1358&Prime; img_size=\u00a0\u00bbmedium\u00a0\u00bb][vc_btn title=\u00a0\u00bbBuchbestellung\u00a0\u00bb i_icon_fontawesome=\u00a0\u00bbfas fa-shopping-cart\u00a0\u00bb add_icon=\u00a0\u00bbtrue\u00a0\u00bb custom_onclick=\u00a0\u00bbtrue\u00a0\u00bb link=\u00a0\u00bburl:https%3A%2F%2Fwww.amazon.de%2Fdp%2F3662640651%2Fref%3Dcm_sw_em_r_mt_dp_BCTENAQVXX6VKBVNGK3C||target:%20_blank|rel:nofollow\u00a0\u00bb css=\u00a0\u00bb.vc_custom_1632161669093{margin-top: -30px !important;padding-top: 0px !important;}\u00a0\u00bb][\/vc_column][vc_column width=\u00a0\u00bb1\/5&Prime;][vc_empty_space height=\u00a0\u00bb10px\u00a0\u00bb][\/vc_column][\/vc_row][vc_row][vc_column][vc_separator color=\u00a0\u00bbcustom\u00a0\u00bb align=\u00a0\u00bbalign_left\u00a0\u00bb style=\u00a0\u00bbdotted\u00a0\u00bb el_width=\u00a0\u00bb90&Prime; accent_color=\u00a0\u00bb#658290&Prime;][\/vc_column][\/vc_row]<\/p>\n<\/section>","protected":false},"excerpt":{"rendered":"<p>[vc_row][vc_column width=\u00a0\u00bb4\/5&Prime;][vc_column_text] B\u00fccher [\/vc_column_text][\/vc_column][vc_column width=\u00a0\u00bb1\/5&Prime;][vc_raw_html]JTNDYSUyMG5hbWUlM0QlMjJidWNoJTIyJTNFJTNDJTJGYSUzRQ==[\/vc_raw_html][\/vc_column][\/vc_row][vc_row][vc_column width=\u00a0\u00bb4\/5&Prime;][vc_column_text]Englische Literaturgeschichte des 20. Jahrhunderts: Eine neue Darstellung aus der Sicht der Geschlechterforschung. Stuttgart: Alfred Kr\u00f6ner Verlag 2006. xiii + 497<span class=\"excerpt-hellip\"> [\u2026]<\/span><\/p>\n","protected":false},"author":3,"featured_media":99,"parent":76,"menu_order":230,"comment_status":"closed","ping_status":"closed","template":"","meta":{"footnotes":""},"class_list":["post-938","page","type-page","status-publish","has-post-thumbnail","hentry"],"yoast_head":"<!-- This site is optimized with the Yoast SEO plugin v27.2 - https:\/\/yoast.com\/product\/yoast-seo-wordpress\/ -->\n<title>Bibliographie ab 2006<\/title>\n<meta name=\"robots\" content=\"index, follow, max-snippet:-1, max-image-preview:large, max-video-preview:-1\" \/>\n<link rel=\"canonical\" href=\"https:\/\/www.schabert.org\/fr\/ina\/bibliographie2\/\" \/>\n<meta property=\"og:locale\" content=\"fr_FR\" \/>\n<meta property=\"og:locale:alternate\" content=\"de_DE_formal\" \/>\n<meta property=\"og:locale:alternate\" content=\"en_GB\" \/>\n<meta property=\"og:type\" content=\"article\" \/>\n<meta property=\"og:title\" content=\"Bibliographie ab 2006\" \/>\n<meta property=\"og:description\" content=\"[vc_row][vc_column width=\u00a0\u00bb4\/5&Prime;][vc_column_text] B\u00fccher [\/vc_column_text][\/vc_column][vc_column width=\u00a0\u00bb1\/5&Prime;][vc_raw_html]JTNDYSUyMG5hbWUlM0QlMjJidWNoJTIyJTNFJTNDJTJGYSUzRQ==[\/vc_raw_html][\/vc_column][\/vc_row][vc_row][vc_column width=\u00a0\u00bb4\/5&Prime;][vc_column_text]Englische Literaturgeschichte des 20. Jahrhunderts: Eine neue Darstellung aus der Sicht der Geschlechterforschung. Stuttgart: Alfred Kr\u00f6ner Verlag 2006. xiii + 497 [\u2026]\" \/>\n<meta property=\"og:url\" content=\"https:\/\/www.schabert.org\/fr\/ina\/bibliographie2\/\" \/>\n<meta property=\"og:site_name\" content=\"schabert.org\" \/>\n<meta property=\"article:modified_time\" content=\"2024-11-30T20:11:34+00:00\" \/>\n<meta property=\"og:image\" content=\"https:\/\/www.schabert.org\/wp-content\/uploads\/2020\/02\/banner3.jpg\" \/>\n\t<meta property=\"og:image:width\" content=\"1280\" \/>\n\t<meta property=\"og:image:height\" content=\"450\" \/>\n\t<meta property=\"og:image:type\" content=\"image\/jpeg\" \/>\n<meta name=\"twitter:card\" content=\"summary_large_image\" \/>\n<meta name=\"twitter:label1\" content=\"Dur\u00e9e de lecture estim\u00e9e\" \/>\n\t<meta name=\"twitter:data1\" content=\"4 minutes\" \/>\n<script type=\"application\/ld+json\" class=\"yoast-schema-graph\">{\"@context\":\"https:\/\/schema.org\",\"@graph\":[{\"@type\":\"WebPage\",\"@id\":\"https:\/\/www.schabert.org\/ina\/bibliographie2\/\",\"url\":\"https:\/\/www.schabert.org\/ina\/bibliographie2\/\",\"name\":\"Bibliographie ab 2006\",\"isPartOf\":{\"@id\":\"https:\/\/www.schabert.org\/#website\"},\"primaryImageOfPage\":{\"@id\":\"https:\/\/www.schabert.org\/ina\/bibliographie2\/#primaryimage\"},\"image\":{\"@id\":\"https:\/\/www.schabert.org\/ina\/bibliographie2\/#primaryimage\"},\"thumbnailUrl\":\"https:\/\/www.schabert.org\/wp-content\/uploads\/2020\/02\/banner3.jpg\",\"datePublished\":\"2020-03-30T13:16:40+00:00\",\"dateModified\":\"2024-11-30T20:11:34+00:00\",\"breadcrumb\":{\"@id\":\"https:\/\/www.schabert.org\/ina\/bibliographie2\/#breadcrumb\"},\"inLanguage\":\"fr-FR\",\"potentialAction\":[{\"@type\":\"ReadAction\",\"target\":[\"https:\/\/www.schabert.org\/ina\/bibliographie2\/\"]}]},{\"@type\":\"ImageObject\",\"inLanguage\":\"fr-FR\",\"@id\":\"https:\/\/www.schabert.org\/ina\/bibliographie2\/#primaryimage\",\"url\":\"https:\/\/www.schabert.org\/wp-content\/uploads\/2020\/02\/banner3.jpg\",\"contentUrl\":\"https:\/\/www.schabert.org\/wp-content\/uploads\/2020\/02\/banner3.jpg\",\"width\":1280,\"height\":450},{\"@type\":\"BreadcrumbList\",\"@id\":\"https:\/\/www.schabert.org\/ina\/bibliographie2\/#breadcrumb\",\"itemListElement\":[{\"@type\":\"ListItem\",\"position\":1,\"name\":\"Startseite\",\"item\":\"https:\/\/www.schabert.org\/\"},{\"@type\":\"ListItem\",\"position\":2,\"name\":\"Ina Schabert\",\"item\":\"https:\/\/www.schabert.org\/ina\/\"},{\"@type\":\"ListItem\",\"position\":3,\"name\":\"Bibliographie ab 2006\"}]},{\"@type\":\"WebSite\",\"@id\":\"https:\/\/www.schabert.org\/#website\",\"url\":\"https:\/\/www.schabert.org\/\",\"name\":\"schabert.org\",\"description\":\"\",\"publisher\":{\"@id\":\"https:\/\/www.schabert.org\/#organization\"},\"potentialAction\":[{\"@type\":\"SearchAction\",\"target\":{\"@type\":\"EntryPoint\",\"urlTemplate\":\"https:\/\/www.schabert.org\/?s={search_term_string}\"},\"query-input\":{\"@type\":\"PropertyValueSpecification\",\"valueRequired\":true,\"valueName\":\"search_term_string\"}}],\"inLanguage\":\"fr-FR\"},{\"@type\":\"Organization\",\"@id\":\"https:\/\/www.schabert.org\/#organization\",\"name\":\"www.schabert.org\",\"url\":\"https:\/\/www.schabert.org\/\",\"logo\":{\"@type\":\"ImageObject\",\"inLanguage\":\"fr-FR\",\"@id\":\"https:\/\/www.schabert.org\/#\/schema\/logo\/image\/\",\"url\":\"https:\/\/www.schabert.org\/wp-content\/uploads\/2020\/02\/Logo_schabertorg_3.png\",\"contentUrl\":\"https:\/\/www.schabert.org\/wp-content\/uploads\/2020\/02\/Logo_schabertorg_3.png\",\"width\":3000,\"height\":750,\"caption\":\"www.schabert.org\"},\"image\":{\"@id\":\"https:\/\/www.schabert.org\/#\/schema\/logo\/image\/\"}}]}<\/script>\n<!-- \/ Yoast SEO plugin. -->","yoast_head_json":{"title":"Bibliographie ab 2006","robots":{"index":"index","follow":"follow","max-snippet":"max-snippet:-1","max-image-preview":"max-image-preview:large","max-video-preview":"max-video-preview:-1"},"canonical":"https:\/\/www.schabert.org\/fr\/ina\/bibliographie2\/","og_locale":"fr_FR","og_type":"article","og_title":"[:de]Bibliographie ab 2006[:en]Bibliographie ab 2006[:fr]Bibliographie ab 2006[:] - schabert.org","og_description":"[vc_row][vc_column width=\u00a0\u00bb4\/5&Prime;][vc_column_text] B\u00fccher [\/vc_column_text][\/vc_column][vc_column width=\u00a0\u00bb1\/5&Prime;][vc_raw_html]JTNDYSUyMG5hbWUlM0QlMjJidWNoJTIyJTNFJTNDJTJGYSUzRQ==[\/vc_raw_html][\/vc_column][\/vc_row][vc_row][vc_column width=\u00a0\u00bb4\/5&Prime;][vc_column_text]Englische Literaturgeschichte des 20. Jahrhunderts: Eine neue Darstellung aus der Sicht der Geschlechterforschung. Stuttgart: Alfred Kr\u00f6ner Verlag 2006. xiii + 497 [\u2026]","og_url":"https:\/\/www.schabert.org\/fr\/ina\/bibliographie2\/","og_site_name":"schabert.org","article_modified_time":"2024-11-30T20:11:34+00:00","og_image":[{"width":1280,"height":450,"url":"https:\/\/www.schabert.org\/wp-content\/uploads\/2020\/02\/banner3.jpg","type":"image\/jpeg"}],"twitter_card":"summary_large_image","twitter_misc":{"Dur\u00e9e de lecture estim\u00e9e":"4 minutes"},"schema":{"@context":"https:\/\/schema.org","@graph":[{"@type":"WebPage","@id":"https:\/\/www.schabert.org\/ina\/bibliographie2\/","url":"https:\/\/www.schabert.org\/ina\/bibliographie2\/","name":"Bibliographie ab 2006","isPartOf":{"@id":"https:\/\/www.schabert.org\/#website"},"primaryImageOfPage":{"@id":"https:\/\/www.schabert.org\/ina\/bibliographie2\/#primaryimage"},"image":{"@id":"https:\/\/www.schabert.org\/ina\/bibliographie2\/#primaryimage"},"thumbnailUrl":"https:\/\/www.schabert.org\/wp-content\/uploads\/2020\/02\/banner3.jpg","datePublished":"2020-03-30T13:16:40+00:00","dateModified":"2024-11-30T20:11:34+00:00","breadcrumb":{"@id":"https:\/\/www.schabert.org\/ina\/bibliographie2\/#breadcrumb"},"inLanguage":"fr-FR","potentialAction":[{"@type":"ReadAction","target":["https:\/\/www.schabert.org\/ina\/bibliographie2\/"]}]},{"@type":"ImageObject","inLanguage":"fr-FR","@id":"https:\/\/www.schabert.org\/ina\/bibliographie2\/#primaryimage","url":"https:\/\/www.schabert.org\/wp-content\/uploads\/2020\/02\/banner3.jpg","contentUrl":"https:\/\/www.schabert.org\/wp-content\/uploads\/2020\/02\/banner3.jpg","width":1280,"height":450},{"@type":"BreadcrumbList","@id":"https:\/\/www.schabert.org\/ina\/bibliographie2\/#breadcrumb","itemListElement":[{"@type":"ListItem","position":1,"name":"Startseite","item":"https:\/\/www.schabert.org\/"},{"@type":"ListItem","position":2,"name":"Ina Schabert","item":"https:\/\/www.schabert.org\/ina\/"},{"@type":"ListItem","position":3,"name":"Bibliographie ab 2006"}]},{"@type":"WebSite","@id":"https:\/\/www.schabert.org\/#website","url":"https:\/\/www.schabert.org\/","name":"schabert.org","description":"","publisher":{"@id":"https:\/\/www.schabert.org\/#organization"},"potentialAction":[{"@type":"SearchAction","target":{"@type":"EntryPoint","urlTemplate":"https:\/\/www.schabert.org\/?s={search_term_string}"},"query-input":{"@type":"PropertyValueSpecification","valueRequired":true,"valueName":"search_term_string"}}],"inLanguage":"fr-FR"},{"@type":"Organization","@id":"https:\/\/www.schabert.org\/#organization","name":"www.schabert.org","url":"https:\/\/www.schabert.org\/","logo":{"@type":"ImageObject","inLanguage":"fr-FR","@id":"https:\/\/www.schabert.org\/#\/schema\/logo\/image\/","url":"https:\/\/www.schabert.org\/wp-content\/uploads\/2020\/02\/Logo_schabertorg_3.png","contentUrl":"https:\/\/www.schabert.org\/wp-content\/uploads\/2020\/02\/Logo_schabertorg_3.png","width":3000,"height":750,"caption":"www.schabert.org"},"image":{"@id":"https:\/\/www.schabert.org\/#\/schema\/logo\/image\/"}}]}},"_links":{"self":[{"href":"https:\/\/www.schabert.org\/fr\/wp-json\/wp\/v2\/pages\/938","targetHints":{"allow":["GET"]}}],"collection":[{"href":"https:\/\/www.schabert.org\/fr\/wp-json\/wp\/v2\/pages"}],"about":[{"href":"https:\/\/www.schabert.org\/fr\/wp-json\/wp\/v2\/types\/page"}],"author":[{"embeddable":true,"href":"https:\/\/www.schabert.org\/fr\/wp-json\/wp\/v2\/users\/3"}],"replies":[{"embeddable":true,"href":"https:\/\/www.schabert.org\/fr\/wp-json\/wp\/v2\/comments?post=938"}],"version-history":[{"count":27,"href":"https:\/\/www.schabert.org\/fr\/wp-json\/wp\/v2\/pages\/938\/revisions"}],"predecessor-version":[{"id":1600,"href":"https:\/\/www.schabert.org\/fr\/wp-json\/wp\/v2\/pages\/938\/revisions\/1600"}],"up":[{"embeddable":true,"href":"https:\/\/www.schabert.org\/fr\/wp-json\/wp\/v2\/pages\/76"}],"wp:featuredmedia":[{"embeddable":true,"href":"https:\/\/www.schabert.org\/fr\/wp-json\/wp\/v2\/media\/99"}],"wp:attachment":[{"href":"https:\/\/www.schabert.org\/fr\/wp-json\/wp\/v2\/media?parent=938"}],"curies":[{"name":"wp","href":"https:\/\/api.w.org\/{rel}","templated":true}]}}