{"id":386,"date":"2020-03-09T18:14:00","date_gmt":"2020-03-09T17:14:00","guid":{"rendered":"http:\/\/dev4.www.schabert.org\/?page_id=386"},"modified":"2022-01-23T20:46:11","modified_gmt":"2022-01-23T19:46:11","slug":"arbeiten","status":"publish","type":"page","link":"https:\/\/www.schabert.org\/fr\/tilo\/bibliographie\/arbeiten\/","title":{"rendered":"Publications en journalisme scientifique"},"content":{"rendered":"<section class=\"wpb-content-wrapper\"><p>[vc_row][vc_column width=\u00a0\u00bb4\/5&Prime;][vc_column_text]<\/p>\n<h3><strong>Publications en journalisme scientifique<\/strong><\/h3>\n<p>[\/vc_column_text][\/vc_column][vc_column width=\u00a0\u00bb1\/5&Prime;][vc_raw_html]JTNDYSUyMG5hbWUlM0QlMjJhcmJlaXRlbiUyMiUzRSUzQyUyRmElM0U=[\/vc_raw_html][\/vc_column][\/vc_row][vc_row][vc_column width=\u00a0\u00bb1\/4&Prime;][vc_column_text]<strong>(a) en coll. avec H. Dotterweich<\/strong>[\/vc_column_text][\/vc_column][vc_column width=\u00a0\u00bb3\/4&Prime;][vc_column_text css=\u00a0\u00bb.vc_custom_1585313344440{margin-right: 30px !important;}\u00a0\u00bb]\u00a0\u00bbHerrschaft in der attischen Demokratie\u00a0\u00bb dans: <strong>Von Gottes und von Volkes Gnaden<\/strong>, ed. H. Dotterweich, Munich 1977, pp. 18-26;<\/p>\n<p>\u00ab\u00a0Revolution und Herrschaft am Beispiel der Franz\u00f6sischen Revolution\u00a0\u00bb, ibid., pp. 59-67;<\/p>\n<p>\u00ab\u00a0Die Herrschaft des Schreckens\u00a0\u00bb ibid., pp. 68-75.;[\/vc_column_text][\/vc_column][\/vc_row][vc_row][vc_column][vc_separator color=\u00a0\u00bbcustom\u00a0\u00bb style=\u00a0\u00bbdotted\u00a0\u00bb accent_color=\u00a0\u00bb#658290&Prime;][\/vc_column][\/vc_row][vc_row][vc_column width=\u00a0\u00bb1\/4&Prime;][vc_column_text]<strong>(b) comme seul auteur<\/strong>[\/vc_column_text][\/vc_column][vc_column width=\u00a0\u00bb3\/4&Prime;][vc_column_text css=\u00a0\u00bb.vc_custom_1642967168532{margin-right: 30px !important;}\u00a0\u00bb]\u00a0\u00bbFlucht und Vertreibung. Das Schicksal der Deutschen im Osten am Ende des zweiten Weltkriegs\u00a0\u00bb dans: <strong>Schulfernsehen<\/strong>, janv. 1984, pp. 37-38;<\/p>\n<p>r\u00e9impr. dans: <strong>Schulfernsehen<\/strong>, janv. 1985, pp. 49-50;<\/p>\n<p>\u00ab\u00a0Nationen, Minderheiten, Rassenwahn. Osteuropa und die Deutschen 1914-1944\u00a0\u00bb, <strong>Schulfernsehen<\/strong>, janv. 1985, pp. 45-48;<\/p>\n<p>r\u00e9impr.: <strong>Schulfernsehen<\/strong>, d\u00e9c. 1986, pp. 55-58;<\/p>\n<p>\u00ab\u00a0In der Epoche des Eurorealismus\u00a0\u00bb, <strong>S\u00fcddeutsche Zeitung<\/strong>, 24 nov. 1988, p. 13;<\/p>\n<p>\u00ab\u00a0Brief aus Ascona. Das Abenteuer Eranos\u00a0\u00bb, S\u00fcddeutsche Zeitung , 24\/25 ao\u00fbt 1991, p. 131 (<a href=\"https:\/\/www.schabert.org\/wp-content\/uploads\/2020\/03\/Das_Abenteuer_Eranos.pdf\" target=\"_blank\" rel=\"noopener noreferrer\">PDF<\/a>);<\/p>\n<p>\u00ab\u00a0Der demokratische Sonnenk\u00f6nig. Wie Fran\u00e7ois Mitterrand im Elys\u00e9e-Palast seine Macht aus\u00fcbt\u00a0\u00bb, <strong>S\u00fcddeutsche Zeitung<\/strong>, 14 juillet 1993, p.11;<\/p>\n<p>\u00ab\u00a0Des freien Menschen Renaissance\u00a0\u00bb, <strong>Freie Presse<\/strong> (Chemnitz), 24 mars 1994;<\/p>\n<p>\u00ab\u00a0In der Mitte der Macht herrscht Stille. Erinnerungen an Fran\u00e7ois Mitterrand\u00a0\u00bb, <strong>S\u00fcddeutsche Zeitung<\/strong>, 10 janv. 1996, p. 11;<\/p>\n<p>\u00ab\u00a0Roben f\u00fcr Robespierre. Roberto Racinaros Haftgeschichte entlarvt den Tugendterror italienischer Richter\u00a0\u00bb, <strong>S\u00fcddeutsche Zeitung<\/strong>, 10 d\u00e9c. 1996, p. 13;<\/p>\n<p>\u00ab\u00a0Portmann und Eranos\u00a0\u00bb (en coll. avec E. Hornung), <strong>Uni Nova. Wissenschaftsmagazin der Universit\u00e4t Basel<\/strong>, No 79\/89, mai 1997, pp. 112-113;<\/p>\n<p>\u00ab\u00a0Auf dem Athos strahlt eure Zivilisation! Im Untergrund lebendige Geschichte &#8211; ein Gespr\u00e4ch in Thessaloniki \u00fcber Byzanz und Maastrichts b\u00fcrokratische Kreuzfahrer\u00a0\u00bb, <strong>S\u00fcddeutsche Zeitung<\/strong>, 18\/19 avril 1998, p. II.;<\/p>\n<p>\u00ab\u00a0Die Irrt\u00fcmer des Helmut Kohl. Der Ex-Kanzler kritisiert das deutsch-franz\u00f6sische Verh\u00e4ltnis und zeichnet damit ein historisch falsches Bild\u00a0\u00bb, <strong>S\u00fcddeutsche Zeitung<\/strong>, no. 270, 23 nov. 2005, p. 2.;<\/p>\n<p>\u00ab\u00a0Frankreichs Sprung in die Moderne\u00a0\u00bb, Entretien, <strong>Salzburger Nachrichten<\/strong>, 25 mai 2007, pp. 1, 10.;<\/p>\n<p>\u00ab\u00a0Les Allemands se sentent mieux dans leur peau\u00a0\u00bb, Entretien, <strong>La Croix<\/strong>, 4 sept. 2009. (<a href=\"https:\/\/www.schabert.org\/wp-content\/uploads\/2020\/03\/La-Croix-Dossier.pdf\" target=\"_blank\" rel=\"noopener noreferrer\">PDF<\/a>);<\/p>\n<p>\u00ab\u00a0Die Pandemie ist ein Test der Regierungskunst\u00a0\u00bb, dans: <b>Th\u00fcringer Allgemeine<\/b>, 13 d\u00e9c. 2021 (<a href=\"https:\/\/www.schabert.org\/wp-content\/uploads\/2022\/01\/crop_2021-12-13_Thueringer_Allgemeine_Gotha_-_13-12-2021_22.pdf\" target=\"_blank\" rel=\"noopener\">PDF<\/a>)[\/vc_column_text][\/vc_column][\/vc_row][vc_row][vc_column][vc_separator color=\u00a0\u00bbcustom\u00a0\u00bb style=\u00a0\u00bbdotted\u00a0\u00bb accent_color=\u00a0\u00bb#658290&Prime;][\/vc_column][\/vc_row]<\/p>\n<\/section>","protected":false},"excerpt":{"rendered":"<p>[vc_row][vc_column width=\u00a0\u00bb4\/5&Prime;][vc_column_text] Publications en journalisme scientifique [\/vc_column_text][\/vc_column][vc_column width=\u00a0\u00bb1\/5&Prime;][vc_raw_html]JTNDYSUyMG5hbWUlM0QlMjJhcmJlaXRlbiUyMiUzRSUzQyUyRmElM0U=[\/vc_raw_html][\/vc_column][\/vc_row][vc_row][vc_column width=\u00a0\u00bb1\/4&Prime;][vc_column_text](a) en coll. avec H. Dotterweich[\/vc_column_text][\/vc_column][vc_column width=\u00a0\u00bb3\/4&Prime;][vc_column_text css=\u00a0\u00bb.vc_custom_1585313344440{margin-right: 30px !important;}\u00a0\u00bb]\u00a0\u00bbHerrschaft in der attischen Demokratie\u00a0\u00bb dans: Von Gottes und<span class=\"excerpt-hellip\"> [\u2026]<\/span><\/p>\n","protected":false},"author":3,"featured_media":99,"parent":124,"menu_order":125,"comment_status":"closed","ping_status":"closed","template":"","meta":{"footnotes":""},"class_list":["post-386","page","type-page","status-publish","has-post-thumbnail","hentry"],"yoast_head":"<!-- This site is optimized with the Yoast SEO plugin v27.3 - https:\/\/yoast.com\/product\/yoast-seo-wordpress\/ -->\n<title>Publications en journalisme scientifique<\/title>\n<meta name=\"robots\" content=\"index, follow, max-snippet:-1, max-image-preview:large, max-video-preview:-1\" \/>\n<link rel=\"canonical\" href=\"https:\/\/www.schabert.org\/fr\/tilo\/bibliographie\/arbeiten\/\" \/>\n<meta property=\"og:locale\" content=\"fr_FR\" \/>\n<meta property=\"og:locale:alternate\" content=\"de_DE_formal\" \/>\n<meta property=\"og:locale:alternate\" content=\"en_GB\" \/>\n<meta property=\"og:type\" content=\"article\" \/>\n<meta property=\"og:title\" content=\"Publications en journalisme scientifique\" \/>\n<meta property=\"og:description\" content=\"[vc_row][vc_column width=\u00a0\u00bb4\/5&Prime;][vc_column_text] Publications en journalisme scientifique [\/vc_column_text][\/vc_column][vc_column width=\u00a0\u00bb1\/5&Prime;][vc_raw_html]JTNDYSUyMG5hbWUlM0QlMjJhcmJlaXRlbiUyMiUzRSUzQyUyRmElM0U=[\/vc_raw_html][\/vc_column][\/vc_row][vc_row][vc_column width=\u00a0\u00bb1\/4&Prime;][vc_column_text](a) en coll. avec H. Dotterweich[\/vc_column_text][\/vc_column][vc_column width=\u00a0\u00bb3\/4&Prime;][vc_column_text css=\u00a0\u00bb.vc_custom_1585313344440{margin-right: 30px !important;}\u00a0\u00bb]\u00a0\u00bbHerrschaft in der attischen Demokratie\u00a0\u00bb dans: Von Gottes und [\u2026]\" \/>\n<meta property=\"og:url\" content=\"https:\/\/www.schabert.org\/fr\/tilo\/bibliographie\/arbeiten\/\" \/>\n<meta property=\"og:site_name\" content=\"schabert.org\" \/>\n<meta property=\"article:modified_time\" content=\"2022-01-23T19:46:11+00:00\" \/>\n<meta property=\"og:image\" content=\"https:\/\/www.schabert.org\/wp-content\/uploads\/2020\/02\/banner3.jpg\" \/>\n\t<meta property=\"og:image:width\" content=\"1280\" \/>\n\t<meta property=\"og:image:height\" content=\"450\" \/>\n\t<meta property=\"og:image:type\" content=\"image\/jpeg\" \/>\n<meta name=\"twitter:card\" content=\"summary_large_image\" \/>\n<meta name=\"twitter:label1\" content=\"Dur\u00e9e de lecture estim\u00e9e\" \/>\n\t<meta name=\"twitter:data1\" content=\"2 minutes\" \/>\n<script type=\"application\/ld+json\" class=\"yoast-schema-graph\">{\"@context\":\"https:\\\/\\\/schema.org\",\"@graph\":[{\"@type\":\"WebPage\",\"@id\":\"https:\\\/\\\/www.schabert.org\\\/tilo\\\/bibliographie\\\/arbeiten\\\/\",\"url\":\"https:\\\/\\\/www.schabert.org\\\/tilo\\\/bibliographie\\\/arbeiten\\\/\",\"name\":\"Publications en journalisme scientifique\",\"isPartOf\":{\"@id\":\"https:\\\/\\\/www.schabert.org\\\/#website\"},\"primaryImageOfPage\":{\"@id\":\"https:\\\/\\\/www.schabert.org\\\/tilo\\\/bibliographie\\\/arbeiten\\\/#primaryimage\"},\"image\":{\"@id\":\"https:\\\/\\\/www.schabert.org\\\/tilo\\\/bibliographie\\\/arbeiten\\\/#primaryimage\"},\"thumbnailUrl\":\"https:\\\/\\\/www.schabert.org\\\/wp-content\\\/uploads\\\/2020\\\/02\\\/banner3.jpg\",\"datePublished\":\"2020-03-09T17:14:00+00:00\",\"dateModified\":\"2022-01-23T19:46:11+00:00\",\"breadcrumb\":{\"@id\":\"https:\\\/\\\/www.schabert.org\\\/tilo\\\/bibliographie\\\/arbeiten\\\/#breadcrumb\"},\"inLanguage\":\"fr-FR\",\"potentialAction\":[{\"@type\":\"ReadAction\",\"target\":[\"https:\\\/\\\/www.schabert.org\\\/tilo\\\/bibliographie\\\/arbeiten\\\/\"]}]},{\"@type\":\"ImageObject\",\"inLanguage\":\"fr-FR\",\"@id\":\"https:\\\/\\\/www.schabert.org\\\/tilo\\\/bibliographie\\\/arbeiten\\\/#primaryimage\",\"url\":\"https:\\\/\\\/www.schabert.org\\\/wp-content\\\/uploads\\\/2020\\\/02\\\/banner3.jpg\",\"contentUrl\":\"https:\\\/\\\/www.schabert.org\\\/wp-content\\\/uploads\\\/2020\\\/02\\\/banner3.jpg\",\"width\":1280,\"height\":450},{\"@type\":\"BreadcrumbList\",\"@id\":\"https:\\\/\\\/www.schabert.org\\\/tilo\\\/bibliographie\\\/arbeiten\\\/#breadcrumb\",\"itemListElement\":[{\"@type\":\"ListItem\",\"position\":1,\"name\":\"Startseite\",\"item\":\"https:\\\/\\\/www.schabert.org\\\/\"},{\"@type\":\"ListItem\",\"position\":2,\"name\":\"Tilo Schabert\",\"item\":\"https:\\\/\\\/www.schabert.org\\\/tilo\\\/\"},{\"@type\":\"ListItem\",\"position\":3,\"name\":\"Bibliographie &#8211; Schriftenverzeichnis\",\"item\":\"https:\\\/\\\/www.schabert.org\\\/tilo\\\/bibliographie\\\/\"},{\"@type\":\"ListItem\",\"position\":4,\"name\":\"Publications en journalisme scientifique\"}]},{\"@type\":\"WebSite\",\"@id\":\"https:\\\/\\\/www.schabert.org\\\/#website\",\"url\":\"https:\\\/\\\/www.schabert.org\\\/\",\"name\":\"schabert.org\",\"description\":\"\",\"publisher\":{\"@id\":\"https:\\\/\\\/www.schabert.org\\\/#organization\"},\"potentialAction\":[{\"@type\":\"SearchAction\",\"target\":{\"@type\":\"EntryPoint\",\"urlTemplate\":\"https:\\\/\\\/www.schabert.org\\\/?s={search_term_string}\"},\"query-input\":{\"@type\":\"PropertyValueSpecification\",\"valueRequired\":true,\"valueName\":\"search_term_string\"}}],\"inLanguage\":\"fr-FR\"},{\"@type\":\"Organization\",\"@id\":\"https:\\\/\\\/www.schabert.org\\\/#organization\",\"name\":\"www.schabert.org\",\"url\":\"https:\\\/\\\/www.schabert.org\\\/\",\"logo\":{\"@type\":\"ImageObject\",\"inLanguage\":\"fr-FR\",\"@id\":\"https:\\\/\\\/www.schabert.org\\\/#\\\/schema\\\/logo\\\/image\\\/\",\"url\":\"https:\\\/\\\/www.schabert.org\\\/wp-content\\\/uploads\\\/2020\\\/02\\\/Logo_schabertorg_3.png\",\"contentUrl\":\"https:\\\/\\\/www.schabert.org\\\/wp-content\\\/uploads\\\/2020\\\/02\\\/Logo_schabertorg_3.png\",\"width\":3000,\"height\":750,\"caption\":\"www.schabert.org\"},\"image\":{\"@id\":\"https:\\\/\\\/www.schabert.org\\\/#\\\/schema\\\/logo\\\/image\\\/\"}}]}<\/script>\n<!-- \/ Yoast SEO plugin. -->","yoast_head_json":{"title":"Publications en journalisme scientifique","robots":{"index":"index","follow":"follow","max-snippet":"max-snippet:-1","max-image-preview":"max-image-preview:large","max-video-preview":"max-video-preview:-1"},"canonical":"https:\/\/www.schabert.org\/fr\/tilo\/bibliographie\/arbeiten\/","og_locale":"fr_FR","og_type":"article","og_title":"[:de]Wissenschaftsjournalistische Arbeiten[:en]Scholarly Journalism[:fr]Publications en journalisme scientifique[:] - schabert.org","og_description":"[vc_row][vc_column width=\u00a0\u00bb4\/5&Prime;][vc_column_text] Publications en journalisme scientifique [\/vc_column_text][\/vc_column][vc_column width=\u00a0\u00bb1\/5&Prime;][vc_raw_html]JTNDYSUyMG5hbWUlM0QlMjJhcmJlaXRlbiUyMiUzRSUzQyUyRmElM0U=[\/vc_raw_html][\/vc_column][\/vc_row][vc_row][vc_column width=\u00a0\u00bb1\/4&Prime;][vc_column_text](a) en coll. avec H. Dotterweich[\/vc_column_text][\/vc_column][vc_column width=\u00a0\u00bb3\/4&Prime;][vc_column_text css=\u00a0\u00bb.vc_custom_1585313344440{margin-right: 30px !important;}\u00a0\u00bb]\u00a0\u00bbHerrschaft in der attischen Demokratie\u00a0\u00bb dans: Von Gottes und [\u2026]","og_url":"https:\/\/www.schabert.org\/fr\/tilo\/bibliographie\/arbeiten\/","og_site_name":"schabert.org","article_modified_time":"2022-01-23T19:46:11+00:00","og_image":[{"width":1280,"height":450,"url":"https:\/\/www.schabert.org\/wp-content\/uploads\/2020\/02\/banner3.jpg","type":"image\/jpeg"}],"twitter_card":"summary_large_image","twitter_misc":{"Dur\u00e9e de lecture estim\u00e9e":"2 minutes"},"schema":{"@context":"https:\/\/schema.org","@graph":[{"@type":"WebPage","@id":"https:\/\/www.schabert.org\/tilo\/bibliographie\/arbeiten\/","url":"https:\/\/www.schabert.org\/tilo\/bibliographie\/arbeiten\/","name":"Publications en journalisme scientifique","isPartOf":{"@id":"https:\/\/www.schabert.org\/#website"},"primaryImageOfPage":{"@id":"https:\/\/www.schabert.org\/tilo\/bibliographie\/arbeiten\/#primaryimage"},"image":{"@id":"https:\/\/www.schabert.org\/tilo\/bibliographie\/arbeiten\/#primaryimage"},"thumbnailUrl":"https:\/\/www.schabert.org\/wp-content\/uploads\/2020\/02\/banner3.jpg","datePublished":"2020-03-09T17:14:00+00:00","dateModified":"2022-01-23T19:46:11+00:00","breadcrumb":{"@id":"https:\/\/www.schabert.org\/tilo\/bibliographie\/arbeiten\/#breadcrumb"},"inLanguage":"fr-FR","potentialAction":[{"@type":"ReadAction","target":["https:\/\/www.schabert.org\/tilo\/bibliographie\/arbeiten\/"]}]},{"@type":"ImageObject","inLanguage":"fr-FR","@id":"https:\/\/www.schabert.org\/tilo\/bibliographie\/arbeiten\/#primaryimage","url":"https:\/\/www.schabert.org\/wp-content\/uploads\/2020\/02\/banner3.jpg","contentUrl":"https:\/\/www.schabert.org\/wp-content\/uploads\/2020\/02\/banner3.jpg","width":1280,"height":450},{"@type":"BreadcrumbList","@id":"https:\/\/www.schabert.org\/tilo\/bibliographie\/arbeiten\/#breadcrumb","itemListElement":[{"@type":"ListItem","position":1,"name":"Startseite","item":"https:\/\/www.schabert.org\/"},{"@type":"ListItem","position":2,"name":"Tilo Schabert","item":"https:\/\/www.schabert.org\/tilo\/"},{"@type":"ListItem","position":3,"name":"Bibliographie &#8211; Schriftenverzeichnis","item":"https:\/\/www.schabert.org\/tilo\/bibliographie\/"},{"@type":"ListItem","position":4,"name":"Publications en journalisme scientifique"}]},{"@type":"WebSite","@id":"https:\/\/www.schabert.org\/#website","url":"https:\/\/www.schabert.org\/","name":"schabert.org","description":"","publisher":{"@id":"https:\/\/www.schabert.org\/#organization"},"potentialAction":[{"@type":"SearchAction","target":{"@type":"EntryPoint","urlTemplate":"https:\/\/www.schabert.org\/?s={search_term_string}"},"query-input":{"@type":"PropertyValueSpecification","valueRequired":true,"valueName":"search_term_string"}}],"inLanguage":"fr-FR"},{"@type":"Organization","@id":"https:\/\/www.schabert.org\/#organization","name":"www.schabert.org","url":"https:\/\/www.schabert.org\/","logo":{"@type":"ImageObject","inLanguage":"fr-FR","@id":"https:\/\/www.schabert.org\/#\/schema\/logo\/image\/","url":"https:\/\/www.schabert.org\/wp-content\/uploads\/2020\/02\/Logo_schabertorg_3.png","contentUrl":"https:\/\/www.schabert.org\/wp-content\/uploads\/2020\/02\/Logo_schabertorg_3.png","width":3000,"height":750,"caption":"www.schabert.org"},"image":{"@id":"https:\/\/www.schabert.org\/#\/schema\/logo\/image\/"}}]}},"_links":{"self":[{"href":"https:\/\/www.schabert.org\/fr\/wp-json\/wp\/v2\/pages\/386","targetHints":{"allow":["GET"]}}],"collection":[{"href":"https:\/\/www.schabert.org\/fr\/wp-json\/wp\/v2\/pages"}],"about":[{"href":"https:\/\/www.schabert.org\/fr\/wp-json\/wp\/v2\/types\/page"}],"author":[{"embeddable":true,"href":"https:\/\/www.schabert.org\/fr\/wp-json\/wp\/v2\/users\/3"}],"replies":[{"embeddable":true,"href":"https:\/\/www.schabert.org\/fr\/wp-json\/wp\/v2\/comments?post=386"}],"version-history":[{"count":14,"href":"https:\/\/www.schabert.org\/fr\/wp-json\/wp\/v2\/pages\/386\/revisions"}],"predecessor-version":[{"id":1408,"href":"https:\/\/www.schabert.org\/fr\/wp-json\/wp\/v2\/pages\/386\/revisions\/1408"}],"up":[{"embeddable":true,"href":"https:\/\/www.schabert.org\/fr\/wp-json\/wp\/v2\/pages\/124"}],"wp:featuredmedia":[{"embeddable":true,"href":"https:\/\/www.schabert.org\/fr\/wp-json\/wp\/v2\/media\/99"}],"wp:attachment":[{"href":"https:\/\/www.schabert.org\/fr\/wp-json\/wp\/v2\/media?parent=386"}],"curies":[{"name":"wp","href":"https:\/\/api.w.org\/{rel}","templated":true}]}}