{"id":384,"date":"2020-03-09T18:13:37","date_gmt":"2020-03-09T17:13:37","guid":{"rendered":"http:\/\/dev4.www.schabert.org\/?page_id=384"},"modified":"2021-04-04T19:47:12","modified_gmt":"2021-04-04T17:47:12","slug":"besprechungen","status":"publish","type":"page","link":"https:\/\/www.schabert.org\/fr\/tilo\/bibliographie\/besprechungen\/","title":{"rendered":"Comptes rendus"},"content":{"rendered":"<section class=\"wpb-content-wrapper\"><p>[vc_row][vc_column width=\u00a0\u00bb4\/5&Prime;][vc_column_text]<\/p>\n<h3><strong>Comptes rendus<\/strong><\/h3>\n<p>[\/vc_column_text][\/vc_column][vc_column width=\u00a0\u00bb1\/5&Prime;][vc_raw_html]JTNDYSUyMG5hbWUlM0QlMjJiZXNwcmVjaHVuZ2VuJTIyJTNFJTNDJTJGYSUzRQ==[\/vc_raw_html][\/vc_column][\/vc_row][vc_row][vc_column][vc_column_text css=\u00a0\u00bb.vc_custom_1585589101294{margin-right: 30px !important;}\u00a0\u00bb]A. Altmann, <strong>Moses Mendelssohns Fr\u00fchschriften zur Metaphysik<\/strong>, T\u00fcbingen 1969, <strong>Philosophische Rundschau<\/strong>, 1971, pp. 291-292;[\/vc_column_text][vc_separator color=\u00a0\u00bbcustom\u00a0\u00bb style=\u00a0\u00bbdotted\u00a0\u00bb accent_color=\u00a0\u00bb#658290&Prime;][vc_column_text css=\u00a0\u00bb.vc_custom_1585589121993{margin-right: 30px !important;}\u00a0\u00bb]W. Post, <strong>Kritik der Religion bei Karl Marx<\/strong>, M\u00fcnchen 1969, <strong>Philosophische Rundschau<\/strong>, 1973, pp. 143-145;[\/vc_column_text][vc_separator color=\u00a0\u00bbcustom\u00a0\u00bb style=\u00a0\u00bbdotted\u00a0\u00bb accent_color=\u00a0\u00bb#658290&Prime;][vc_column_text css=\u00a0\u00bb.vc_custom_1585589127236{margin-right: 30px !important;}\u00a0\u00bb]U. Matz: <strong>Politik und Gewalt<\/strong>. Zur Theorie des demokratischen Verfassungsstaats und der Revolution, Freiburg\/M\u00fcnchen 1975, <strong>Frankfurter Allgemeine Zeitung<\/strong>, 4 mai 1976, p. 6;[\/vc_column_text][vc_separator color=\u00a0\u00bbcustom\u00a0\u00bb style=\u00a0\u00bbdotted\u00a0\u00bb accent_color=\u00a0\u00bb#658290&Prime;][vc_column_text css=\u00a0\u00bb.vc_custom_1585589133929{margin-right: 30px !important;}\u00a0\u00bb]U. Matz:<strong> Politik und Gewalt<\/strong> &#8230;, Zeitschrift f\u00fcr Politik, 1976, pp. 395-397;[\/vc_column_text][vc_separator color=\u00a0\u00bbcustom\u00a0\u00bb style=\u00a0\u00bbdotted\u00a0\u00bb accent_color=\u00a0\u00bb#658290&Prime;][vc_column_text css=\u00a0\u00bb.vc_custom_1585589143312{margin-right: 30px !important;}\u00a0\u00bb]H.-P. Bank, <strong>Rationale Sozialpolitik<\/strong>. Ein Beitrag zum Begriff der Rationalit\u00e4t, Berlin 1975, Politische Studien, mai\/juin 1976, pp. 330-332;[\/vc_column_text][vc_separator color=\u00a0\u00bbcustom\u00a0\u00bb style=\u00a0\u00bbdotted\u00a0\u00bb accent_color=\u00a0\u00bb#658290&Prime;][vc_column_text css=\u00a0\u00bb.vc_custom_1585589153549{margin-right: 30px !important;}\u00a0\u00bb]A. Strugnell, <strong>Diderot&rsquo;s Politics<\/strong>. A Study of the Evolution of Diderot&rsquo;s Political Thought after the Encyclop\u00e9die, Den Haag 1973, <strong>Philosophische Rundschau<\/strong>, 1976, pp. 294-297;[\/vc_column_text][vc_separator color=\u00a0\u00bbcustom\u00a0\u00bb style=\u00a0\u00bbdotted\u00a0\u00bb accent_color=\u00a0\u00bb#658290&Prime;][vc_column_text css=\u00a0\u00bb.vc_custom_1585589160413{margin-right: 30px !important;}\u00a0\u00bb]G. Sauerwald, <strong>Die Aporie der Diderot&rsquo;schen \u00c4sthetik (1745-1781)<\/strong>, Frankfurt 1975, <strong>Philosophische Rundschau<\/strong>, 1978, pp. 159-160;[\/vc_column_text][vc_separator color=\u00a0\u00bbcustom\u00a0\u00bb style=\u00a0\u00bbdotted\u00a0\u00bb accent_color=\u00a0\u00bb#658290&Prime;][vc_column_text css=\u00a0\u00bb.vc_custom_1585589167297{margin-right: 30px !important;}\u00a0\u00bb]H.W. Ehrmann, <strong>Das politische System Frankreichs<\/strong>. Eine Einf\u00fchrung, M\u00fcnchen 1976 et U.Kempf, Das politische System Frankreichs. Eine Einf\u00fchrung, Opladen 1975, Politische Vierteljahresschrift, 1978, pp. 405-408;[\/vc_column_text][vc_separator color=\u00a0\u00bbcustom\u00a0\u00bb style=\u00a0\u00bbdotted\u00a0\u00bb accent_color=\u00a0\u00bb#658290&Prime;][vc_column_text css=\u00a0\u00bb.vc_custom_1585589174813{margin-right: 30px !important;}\u00a0\u00bb]T. Benton, <strong>Philosophical Foundations of the Three Sociologies<\/strong>, London 1977, <strong>Philosophical Studies<\/strong> (Irland), Vol. XXVI, (1979), pp. 332-333.;[\/vc_column_text][vc_separator color=\u00a0\u00bbcustom\u00a0\u00bb style=\u00a0\u00bbdotted\u00a0\u00bb accent_color=\u00a0\u00bb#658290&Prime;][vc_column_text css=\u00a0\u00bb.vc_custom_1585589182620{margin-right: 30px !important;}\u00a0\u00bb]\u00a0\u00bbIm Reich der Fiktion. Jacques Attalis &lsquo;Verbatim'\u00a0\u00bb, <strong>Frankfurter Alllgemeine Zeitung<\/strong>, 23 nov. 1993, p. 12.;[\/vc_column_text][vc_separator color=\u00a0\u00bbcustom\u00a0\u00bb style=\u00a0\u00bbdotted\u00a0\u00bb accent_color=\u00a0\u00bb#658290&Prime;][vc_column_text css=\u00a0\u00bb.vc_custom_1585589190091{margin-right: 30px !important;}\u00a0\u00bb]\u00a0\u00bbEin Anti-Mitterrand. Attalis groteske Verzerrungen im Mantel der Authentizit\u00e4t\u00a0\u00bb, <strong>Frankfurter Allgemeine Zeitung<\/strong>, 13 mars 1996, p. 10. (<a href=\"https:\/\/www.schabert.org\/wp-content\/uploads\/2020\/03\/FAZ_Attali_1996.pdf\" target=\"_blank\" rel=\"noopener noreferrer\">PDF<\/a>);[\/vc_column_text][vc_separator color=\u00a0\u00bbcustom\u00a0\u00bb style=\u00a0\u00bbdotted\u00a0\u00bb accent_color=\u00a0\u00bb#658290&Prime;][vc_column_text css=\u00a0\u00bb.vc_custom_1585589196885{margin-right: 30px !important;}\u00a0\u00bb]K.-H. Nusser, <strong>Menschenrechte und Leistungsgerechtigkeit. Philosophische Lehren in den Zeiten der Globalisierung<\/strong>, Hamburg 2007, <strong>Politische Vierteljahresschrift<\/strong>, Jg. 49, H. 4, D\u00e9c. 2008, pp. 765-766.[\/vc_column_text][vc_separator color=\u00a0\u00bbcustom\u00a0\u00bb style=\u00a0\u00bbdotted\u00a0\u00bb accent_color=\u00a0\u00bb#658290&Prime;][vc_column_text css=\u00a0\u00bb.vc_custom_1585589204008{margin-right: 30px !important;}\u00a0\u00bb]\u00a0\u00bbMitterrand und die Deutschen. Ulrich Lappenk\u00fcper arbeitet sich an der franz\u00f6sischen Deutschlandpolitik seit 1989 ab\u00a0\u00bb (Compte-rendu de: Ulrich Lappenk\u00fcper, <strong>Mitterrand und Deutschland. Die entr\u00e4tselte Sphinx<\/strong>, M\u00fcnchen 2011), in: Die Welt = Literarische Welt, 23 juin 2012, p. 7 (<a href=\"https:\/\/www.schabert.org\/wp-content\/uploads\/2020\/03\/Rez_Lappenkueper_Die-Welt_-_23.6.12.pdf\" target=\"_blank\" rel=\"noopener noreferrer\">PDF<\/a>); Version non abr\u00e9g\u00e9e (<a href=\"https:\/\/www.schabert.org\/wp-content\/uploads\/2020\/03\/Rez_Lappenkueper_ungekuerzt.pdf\" target=\"_blank\" rel=\"noopener noreferrer\">PDF<\/a>);[\/vc_column_text][\/vc_column][\/vc_row][vc_row][vc_column][vc_separator color=\u00a0\u00bbcustom\u00a0\u00bb style=\u00a0\u00bbdotted\u00a0\u00bb accent_color=\u00a0\u00bb#658290&Prime;][\/vc_column][\/vc_row]<\/p>\n<\/section>","protected":false},"excerpt":{"rendered":"<p>[vc_row][vc_column width=\u00a0\u00bb4\/5&Prime;][vc_column_text] Comptes rendus [\/vc_column_text][\/vc_column][vc_column width=\u00a0\u00bb1\/5&Prime;][vc_raw_html]JTNDYSUyMG5hbWUlM0QlMjJiZXNwcmVjaHVuZ2VuJTIyJTNFJTNDJTJGYSUzRQ==[\/vc_raw_html][\/vc_column][\/vc_row][vc_row][vc_column][vc_column_text css=\u00a0\u00bb.vc_custom_1585589101294{margin-right: 30px !important;}\u00a0\u00bb]A. Altmann, Moses Mendelssohns Fr\u00fchschriften zur Metaphysik, T\u00fcbingen 1969, Philosophische Rundschau, 1971, pp. 291-292;[\/vc_column_text][vc_separator color=\u00a0\u00bbcustom\u00a0\u00bb style=\u00a0\u00bbdotted\u00a0\u00bb accent_color=\u00a0\u00bb#658290&Prime;][vc_column_text css=\u00a0\u00bb.vc_custom_1585589121993{margin-right:<span class=\"excerpt-hellip\"> [\u2026]<\/span><\/p>\n","protected":false},"author":3,"featured_media":99,"parent":124,"menu_order":124,"comment_status":"closed","ping_status":"closed","template":"","meta":{"footnotes":""},"class_list":["post-384","page","type-page","status-publish","has-post-thumbnail","hentry"],"yoast_head":"<!-- This site is optimized with the Yoast SEO plugin v27.3 - https:\/\/yoast.com\/product\/yoast-seo-wordpress\/ -->\n<title>Comptes rendus<\/title>\n<meta name=\"robots\" content=\"index, follow, max-snippet:-1, max-image-preview:large, max-video-preview:-1\" \/>\n<link rel=\"canonical\" href=\"https:\/\/www.schabert.org\/fr\/tilo\/bibliographie\/besprechungen\/\" \/>\n<meta property=\"og:locale\" content=\"fr_FR\" \/>\n<meta property=\"og:locale:alternate\" content=\"de_DE_formal\" \/>\n<meta property=\"og:locale:alternate\" content=\"en_GB\" \/>\n<meta property=\"og:type\" content=\"article\" \/>\n<meta property=\"og:title\" content=\"Comptes rendus\" \/>\n<meta property=\"og:description\" content=\"[vc_row][vc_column width=\u00a0\u00bb4\/5&Prime;][vc_column_text] Comptes rendus [\/vc_column_text][\/vc_column][vc_column width=\u00a0\u00bb1\/5&Prime;][vc_raw_html]JTNDYSUyMG5hbWUlM0QlMjJiZXNwcmVjaHVuZ2VuJTIyJTNFJTNDJTJGYSUzRQ==[\/vc_raw_html][\/vc_column][\/vc_row][vc_row][vc_column][vc_column_text css=\u00a0\u00bb.vc_custom_1585589101294{margin-right: 30px !important;}\u00a0\u00bb]A. Altmann, Moses Mendelssohns Fr\u00fchschriften zur Metaphysik, T\u00fcbingen 1969, Philosophische Rundschau, 1971, pp. 291-292;[\/vc_column_text][vc_separator color=\u00a0\u00bbcustom\u00a0\u00bb style=\u00a0\u00bbdotted\u00a0\u00bb accent_color=\u00a0\u00bb#658290&Prime;][vc_column_text css=\u00a0\u00bb.vc_custom_1585589121993{margin-right: [\u2026]\" \/>\n<meta property=\"og:url\" content=\"https:\/\/www.schabert.org\/fr\/tilo\/bibliographie\/besprechungen\/\" \/>\n<meta property=\"og:site_name\" content=\"schabert.org\" \/>\n<meta property=\"article:modified_time\" content=\"2021-04-04T17:47:12+00:00\" \/>\n<meta property=\"og:image\" content=\"https:\/\/www.schabert.org\/wp-content\/uploads\/2020\/02\/banner3.jpg\" \/>\n\t<meta property=\"og:image:width\" content=\"1280\" \/>\n\t<meta property=\"og:image:height\" content=\"450\" \/>\n\t<meta property=\"og:image:type\" content=\"image\/jpeg\" \/>\n<meta name=\"twitter:card\" content=\"summary_large_image\" \/>\n<meta name=\"twitter:label1\" content=\"Dur\u00e9e de lecture estim\u00e9e\" \/>\n\t<meta name=\"twitter:data1\" content=\"2 minutes\" \/>\n<script type=\"application\/ld+json\" class=\"yoast-schema-graph\">{\"@context\":\"https:\\\/\\\/schema.org\",\"@graph\":[{\"@type\":\"WebPage\",\"@id\":\"https:\\\/\\\/www.schabert.org\\\/tilo\\\/bibliographie\\\/besprechungen\\\/\",\"url\":\"https:\\\/\\\/www.schabert.org\\\/tilo\\\/bibliographie\\\/besprechungen\\\/\",\"name\":\"Comptes rendus\",\"isPartOf\":{\"@id\":\"https:\\\/\\\/www.schabert.org\\\/#website\"},\"primaryImageOfPage\":{\"@id\":\"https:\\\/\\\/www.schabert.org\\\/tilo\\\/bibliographie\\\/besprechungen\\\/#primaryimage\"},\"image\":{\"@id\":\"https:\\\/\\\/www.schabert.org\\\/tilo\\\/bibliographie\\\/besprechungen\\\/#primaryimage\"},\"thumbnailUrl\":\"https:\\\/\\\/www.schabert.org\\\/wp-content\\\/uploads\\\/2020\\\/02\\\/banner3.jpg\",\"datePublished\":\"2020-03-09T17:13:37+00:00\",\"dateModified\":\"2021-04-04T17:47:12+00:00\",\"breadcrumb\":{\"@id\":\"https:\\\/\\\/www.schabert.org\\\/tilo\\\/bibliographie\\\/besprechungen\\\/#breadcrumb\"},\"inLanguage\":\"fr-FR\",\"potentialAction\":[{\"@type\":\"ReadAction\",\"target\":[\"https:\\\/\\\/www.schabert.org\\\/tilo\\\/bibliographie\\\/besprechungen\\\/\"]}]},{\"@type\":\"ImageObject\",\"inLanguage\":\"fr-FR\",\"@id\":\"https:\\\/\\\/www.schabert.org\\\/tilo\\\/bibliographie\\\/besprechungen\\\/#primaryimage\",\"url\":\"https:\\\/\\\/www.schabert.org\\\/wp-content\\\/uploads\\\/2020\\\/02\\\/banner3.jpg\",\"contentUrl\":\"https:\\\/\\\/www.schabert.org\\\/wp-content\\\/uploads\\\/2020\\\/02\\\/banner3.jpg\",\"width\":1280,\"height\":450},{\"@type\":\"BreadcrumbList\",\"@id\":\"https:\\\/\\\/www.schabert.org\\\/tilo\\\/bibliographie\\\/besprechungen\\\/#breadcrumb\",\"itemListElement\":[{\"@type\":\"ListItem\",\"position\":1,\"name\":\"Startseite\",\"item\":\"https:\\\/\\\/www.schabert.org\\\/\"},{\"@type\":\"ListItem\",\"position\":2,\"name\":\"Tilo Schabert\",\"item\":\"https:\\\/\\\/www.schabert.org\\\/tilo\\\/\"},{\"@type\":\"ListItem\",\"position\":3,\"name\":\"Bibliographie &#8211; Schriftenverzeichnis\",\"item\":\"https:\\\/\\\/www.schabert.org\\\/tilo\\\/bibliographie\\\/\"},{\"@type\":\"ListItem\",\"position\":4,\"name\":\"Comptes rendus\"}]},{\"@type\":\"WebSite\",\"@id\":\"https:\\\/\\\/www.schabert.org\\\/#website\",\"url\":\"https:\\\/\\\/www.schabert.org\\\/\",\"name\":\"schabert.org\",\"description\":\"\",\"publisher\":{\"@id\":\"https:\\\/\\\/www.schabert.org\\\/#organization\"},\"potentialAction\":[{\"@type\":\"SearchAction\",\"target\":{\"@type\":\"EntryPoint\",\"urlTemplate\":\"https:\\\/\\\/www.schabert.org\\\/?s={search_term_string}\"},\"query-input\":{\"@type\":\"PropertyValueSpecification\",\"valueRequired\":true,\"valueName\":\"search_term_string\"}}],\"inLanguage\":\"fr-FR\"},{\"@type\":\"Organization\",\"@id\":\"https:\\\/\\\/www.schabert.org\\\/#organization\",\"name\":\"www.schabert.org\",\"url\":\"https:\\\/\\\/www.schabert.org\\\/\",\"logo\":{\"@type\":\"ImageObject\",\"inLanguage\":\"fr-FR\",\"@id\":\"https:\\\/\\\/www.schabert.org\\\/#\\\/schema\\\/logo\\\/image\\\/\",\"url\":\"https:\\\/\\\/www.schabert.org\\\/wp-content\\\/uploads\\\/2020\\\/02\\\/Logo_schabertorg_3.png\",\"contentUrl\":\"https:\\\/\\\/www.schabert.org\\\/wp-content\\\/uploads\\\/2020\\\/02\\\/Logo_schabertorg_3.png\",\"width\":3000,\"height\":750,\"caption\":\"www.schabert.org\"},\"image\":{\"@id\":\"https:\\\/\\\/www.schabert.org\\\/#\\\/schema\\\/logo\\\/image\\\/\"}}]}<\/script>\n<!-- \/ Yoast SEO plugin. -->","yoast_head_json":{"title":"Comptes rendus","robots":{"index":"index","follow":"follow","max-snippet":"max-snippet:-1","max-image-preview":"max-image-preview:large","max-video-preview":"max-video-preview:-1"},"canonical":"https:\/\/www.schabert.org\/fr\/tilo\/bibliographie\/besprechungen\/","og_locale":"fr_FR","og_type":"article","og_title":"[:de]Besprechungen[:en]Reviews[:fr]Comptes rendus[:] - schabert.org","og_description":"[vc_row][vc_column width=\u00a0\u00bb4\/5&Prime;][vc_column_text] Comptes rendus [\/vc_column_text][\/vc_column][vc_column width=\u00a0\u00bb1\/5&Prime;][vc_raw_html]JTNDYSUyMG5hbWUlM0QlMjJiZXNwcmVjaHVuZ2VuJTIyJTNFJTNDJTJGYSUzRQ==[\/vc_raw_html][\/vc_column][\/vc_row][vc_row][vc_column][vc_column_text css=\u00a0\u00bb.vc_custom_1585589101294{margin-right: 30px !important;}\u00a0\u00bb]A. Altmann, Moses Mendelssohns Fr\u00fchschriften zur Metaphysik, T\u00fcbingen 1969, Philosophische Rundschau, 1971, pp. 291-292;[\/vc_column_text][vc_separator color=\u00a0\u00bbcustom\u00a0\u00bb style=\u00a0\u00bbdotted\u00a0\u00bb accent_color=\u00a0\u00bb#658290&Prime;][vc_column_text css=\u00a0\u00bb.vc_custom_1585589121993{margin-right: [\u2026]","og_url":"https:\/\/www.schabert.org\/fr\/tilo\/bibliographie\/besprechungen\/","og_site_name":"schabert.org","article_modified_time":"2021-04-04T17:47:12+00:00","og_image":[{"width":1280,"height":450,"url":"https:\/\/www.schabert.org\/wp-content\/uploads\/2020\/02\/banner3.jpg","type":"image\/jpeg"}],"twitter_card":"summary_large_image","twitter_misc":{"Dur\u00e9e de lecture estim\u00e9e":"2 minutes"},"schema":{"@context":"https:\/\/schema.org","@graph":[{"@type":"WebPage","@id":"https:\/\/www.schabert.org\/tilo\/bibliographie\/besprechungen\/","url":"https:\/\/www.schabert.org\/tilo\/bibliographie\/besprechungen\/","name":"Comptes rendus","isPartOf":{"@id":"https:\/\/www.schabert.org\/#website"},"primaryImageOfPage":{"@id":"https:\/\/www.schabert.org\/tilo\/bibliographie\/besprechungen\/#primaryimage"},"image":{"@id":"https:\/\/www.schabert.org\/tilo\/bibliographie\/besprechungen\/#primaryimage"},"thumbnailUrl":"https:\/\/www.schabert.org\/wp-content\/uploads\/2020\/02\/banner3.jpg","datePublished":"2020-03-09T17:13:37+00:00","dateModified":"2021-04-04T17:47:12+00:00","breadcrumb":{"@id":"https:\/\/www.schabert.org\/tilo\/bibliographie\/besprechungen\/#breadcrumb"},"inLanguage":"fr-FR","potentialAction":[{"@type":"ReadAction","target":["https:\/\/www.schabert.org\/tilo\/bibliographie\/besprechungen\/"]}]},{"@type":"ImageObject","inLanguage":"fr-FR","@id":"https:\/\/www.schabert.org\/tilo\/bibliographie\/besprechungen\/#primaryimage","url":"https:\/\/www.schabert.org\/wp-content\/uploads\/2020\/02\/banner3.jpg","contentUrl":"https:\/\/www.schabert.org\/wp-content\/uploads\/2020\/02\/banner3.jpg","width":1280,"height":450},{"@type":"BreadcrumbList","@id":"https:\/\/www.schabert.org\/tilo\/bibliographie\/besprechungen\/#breadcrumb","itemListElement":[{"@type":"ListItem","position":1,"name":"Startseite","item":"https:\/\/www.schabert.org\/"},{"@type":"ListItem","position":2,"name":"Tilo Schabert","item":"https:\/\/www.schabert.org\/tilo\/"},{"@type":"ListItem","position":3,"name":"Bibliographie &#8211; Schriftenverzeichnis","item":"https:\/\/www.schabert.org\/tilo\/bibliographie\/"},{"@type":"ListItem","position":4,"name":"Comptes rendus"}]},{"@type":"WebSite","@id":"https:\/\/www.schabert.org\/#website","url":"https:\/\/www.schabert.org\/","name":"schabert.org","description":"","publisher":{"@id":"https:\/\/www.schabert.org\/#organization"},"potentialAction":[{"@type":"SearchAction","target":{"@type":"EntryPoint","urlTemplate":"https:\/\/www.schabert.org\/?s={search_term_string}"},"query-input":{"@type":"PropertyValueSpecification","valueRequired":true,"valueName":"search_term_string"}}],"inLanguage":"fr-FR"},{"@type":"Organization","@id":"https:\/\/www.schabert.org\/#organization","name":"www.schabert.org","url":"https:\/\/www.schabert.org\/","logo":{"@type":"ImageObject","inLanguage":"fr-FR","@id":"https:\/\/www.schabert.org\/#\/schema\/logo\/image\/","url":"https:\/\/www.schabert.org\/wp-content\/uploads\/2020\/02\/Logo_schabertorg_3.png","contentUrl":"https:\/\/www.schabert.org\/wp-content\/uploads\/2020\/02\/Logo_schabertorg_3.png","width":3000,"height":750,"caption":"www.schabert.org"},"image":{"@id":"https:\/\/www.schabert.org\/#\/schema\/logo\/image\/"}}]}},"_links":{"self":[{"href":"https:\/\/www.schabert.org\/fr\/wp-json\/wp\/v2\/pages\/384","targetHints":{"allow":["GET"]}}],"collection":[{"href":"https:\/\/www.schabert.org\/fr\/wp-json\/wp\/v2\/pages"}],"about":[{"href":"https:\/\/www.schabert.org\/fr\/wp-json\/wp\/v2\/types\/page"}],"author":[{"embeddable":true,"href":"https:\/\/www.schabert.org\/fr\/wp-json\/wp\/v2\/users\/3"}],"replies":[{"embeddable":true,"href":"https:\/\/www.schabert.org\/fr\/wp-json\/wp\/v2\/comments?post=384"}],"version-history":[{"count":18,"href":"https:\/\/www.schabert.org\/fr\/wp-json\/wp\/v2\/pages\/384\/revisions"}],"predecessor-version":[{"id":1311,"href":"https:\/\/www.schabert.org\/fr\/wp-json\/wp\/v2\/pages\/384\/revisions\/1311"}],"up":[{"embeddable":true,"href":"https:\/\/www.schabert.org\/fr\/wp-json\/wp\/v2\/pages\/124"}],"wp:featuredmedia":[{"embeddable":true,"href":"https:\/\/www.schabert.org\/fr\/wp-json\/wp\/v2\/media\/99"}],"wp:attachment":[{"href":"https:\/\/www.schabert.org\/fr\/wp-json\/wp\/v2\/media?parent=384"}],"curies":[{"name":"wp","href":"https:\/\/api.w.org\/{rel}","templated":true}]}}