{"id":370,"date":"2020-03-09T18:08:25","date_gmt":"2020-03-09T17:08:25","guid":{"rendered":"http:\/\/dev4.www.schabert.org\/?page_id=370"},"modified":"2020-03-25T14:00:11","modified_gmt":"2020-03-25T13:00:11","slug":"herausgabe","status":"publish","type":"page","link":"https:\/\/www.schabert.org\/fr\/tilo\/bibliographie\/herausgabe\/","title":{"rendered":"Direction d`\u00e9dition"},"content":{"rendered":"<section class=\"wpb-content-wrapper\"><p>[vc_row][vc_column width=\u00a0\u00bb4\/5&Prime;][vc_column_text]<\/p>\n<h3><strong>Direction d`\u00e9dition<\/strong><\/h3>\n<p>[\/vc_column_text][\/vc_column][vc_column width=\u00a0\u00bb1\/5&Prime;][vc_raw_html]JTNDYSUyMG5hbWUlM0QlMjJoZXJhdXNnYWJlJTIyJTNFJTNDJTJGYSUzRQ==[\/vc_raw_html][\/vc_column][\/vc_row][vc_row][vc_column][vc_column_text]Associate Editor, <strong>The Independent Journal of Philosophy<\/strong>, 1981-1983;[\/vc_column_text][vc_separator color=\u00a0\u00bbcustom\u00a0\u00bb style=\u00a0\u00bbdotted\u00a0\u00bb accent_color=\u00a0\u00bb#658290&Prime;][vc_column_text]<strong>Collection Eranos, Nouvelle s\u00e9rie<\/strong>, 1993 ff (Hrsg. zus. mit Erik Hornung, ab 2002 mit Giuseppe Zarone);<br \/>\nSont parus:<br \/>\nBand 1: <a href=\"https:\/\/www.schabert.org\/wp-content\/uploads\/2020\/03\/Band1.jpg\"><strong>Auferstehung und Unsterblichkeit<\/strong><\/a>, M\u00fcnchen 1993;<br \/>\nBand 2: <a href=\"https:\/\/www.schabert.org\/wp-content\/uploads\/2020\/03\/Band2.jpg\"><strong>Strukturen des Chaos<\/strong><\/a>, M\u00fcnchen 1994;<br \/>\nBand 3: <a href=\"https:\/\/www.schabert.org\/wp-content\/uploads\/2020\/03\/Band3.jpg\"><strong>Wanderungen<\/strong><\/a>, M\u00fcnchen 1995;<br \/>\nBand 4: <a href=\"https:\/\/www.schabert.org\/wp-content\/uploads\/2020\/03\/Band4.jpg\"><strong>Die Macht des Wortes<\/strong><\/a>, M\u00fcnchen 1996;<br \/>\nBand 5: <a href=\"https:\/\/www.schabert.org\/wp-content\/uploads\/2020\/03\/Band5.jpg\"><strong>Anf\u00e4nge<\/strong><\/a>, M\u00fcnchen 1998;<br \/>\nBand 6: <a href=\"https:\/\/www.schabert.org\/wp-content\/uploads\/2020\/03\/Band6.jpg\"><strong>Die Wahrheit der Tr\u00e4ume<\/strong><\/a>, M\u00fcnchen 1997;<br \/>\nBand 7: <a href=\"https:\/\/www.schabert.org\/wp-content\/uploads\/2020\/03\/Band7.jpg\"><strong>Schuld<\/strong><\/a>, M\u00fcnchen 1999;<br \/>\nBand 8: <a href=\"https:\/\/www.schabert.org\/wp-content\/uploads\/2020\/03\/Band8.jpg\"><strong>Kulturen des Eros<\/strong><\/a>, M\u00fcnchen 2001;<br \/>\nBand 9: <a href=\"https:\/\/www.schabert.org\/wp-content\/uploads\/2020\/03\/Band9.jpg\"><strong>Die Sprache der Masken<\/strong><\/a>, W\u00fcrzburg 2002;<br \/>\nBand 10: <a href=\"https:\/\/www.schabert.org\/wp-content\/uploads\/2020\/03\/Band10.jpg\"><strong>Das Ordnen der Zeit<\/strong><\/a>, W\u00fcrzburg 2003;<br \/>\nBand 11: <a href=\"https:\/\/www.schabert.org\/wp-content\/uploads\/2020\/03\/Band11.jpg\"><strong>Pioniere, Poeten, Professoren. Eranos und der Monte Verit\u00e0 in der Zivilisationsgeschichte des 20. Jahrhunderts<\/strong><\/a>, W\u00fcrzburg 2004;<br \/>\nBand 12: <a href=\"https:\/\/www.schabert.org\/wp-content\/uploads\/2020\/03\/Band12.jpg\"><strong>Propheten und Prophezeiungen &#8211; Prophets and Prophecies<\/strong><\/a>, W\u00fcrzburg 2005;<br \/>\nBand 13: <a href=\"https:\/\/www.schabert.org\/wp-content\/uploads\/2020\/03\/9783826033926-de.jpg\"><strong>Die Menschen im Krieg, im Frieden mit der Natur &#8211; Humans at War, at Peace with Nature<\/strong><\/a>, W\u00fcrzburg 2006.<br \/>\nBand 14: <a href=\"https:\/\/www.schabert.org\/wp-content\/uploads\/2020\/03\/11291146102.jpg\"><strong>Religionen &#8211; Die Religi\u00f6se Erfahrung &#8212; Religions &#8211; The Religious Experience<\/strong><\/a>, W\u00fcrzburg 2008.<br \/>\nBand 15: <a href=\"https:\/\/www.schabert.org\/wp-content\/uploads\/2020\/03\/612J8yp7gOL.jpg\"><strong>Gott oder G\u00f6tter? God or Gods?<\/strong><\/a>, W\u00fcrzburg 2009.<br \/>\nBand 16: <a href=\"https:\/\/www.schabert.org\/wp-content\/uploads\/2020\/03\/61VCC-ajnzL.jpg\"><strong>Die Stadt: Achse und Zentrum der Welt &#8211; The City: Axis and Centre of the World<\/strong><\/a>, W\u00fcrzburg 2011.<br \/>\nBand 17: <a href=\"https:\/\/www.schabert.org\/wp-content\/uploads\/2020\/03\/Band17.jpg\"><strong>The Eranos Movement: A Story of Hermeneutics<\/strong><\/a>, W\u00fcrzburg 2016.[\/vc_column_text][vc_separator color=\u00a0\u00bbcustom\u00a0\u00bb style=\u00a0\u00bbdotted\u00a0\u00bb accent_color=\u00a0\u00bb#658290&Prime;][vc_column_text]<strong>DIOGENE<\/strong>, No. 165, <strong>Structures Mythologiques du Chaos<\/strong>, Janv.-Mars 1994 (avec \u00e9ditions parall\u00e8les en anglais, espagnol, chinois et arabe), Guest Editor;[\/vc_column_text][vc_separator color=\u00a0\u00bbcustom\u00a0\u00bb style=\u00a0\u00bbdotted\u00a0\u00bb accent_color=\u00a0\u00bb#658290&Prime;][vc_column_text]Pr\u00e9sident, Comit\u00e9 Scientifique International, <strong>Diog\u00e8ne<\/strong> (Revue internationale des sciences humaines), 1995-1996.[\/vc_column_text][vc_separator color=\u00a0\u00bbcustom\u00a0\u00bb style=\u00a0\u00bbdotted\u00a0\u00bb accent_color=\u00a0\u00bb#658290&Prime;][\/vc_column][\/vc_row][vc_row][vc_column][\/vc_column][\/vc_row]<\/p>\n<\/section>","protected":false},"excerpt":{"rendered":"<p>[vc_row][vc_column width=\u00a0\u00bb4\/5&Prime;][vc_column_text] Direction d`\u00e9dition [\/vc_column_text][\/vc_column][vc_column width=\u00a0\u00bb1\/5&Prime;][vc_raw_html]JTNDYSUyMG5hbWUlM0QlMjJoZXJhdXNnYWJlJTIyJTNFJTNDJTJGYSUzRQ==[\/vc_raw_html][\/vc_column][\/vc_row][vc_row][vc_column][vc_column_text]Associate Editor, The Independent Journal of Philosophy, 1981-1983;[\/vc_column_text][vc_separator color=\u00a0\u00bbcustom\u00a0\u00bb style=\u00a0\u00bbdotted\u00a0\u00bb accent_color=\u00a0\u00bb#658290&Prime;][vc_column_text]Collection Eranos, Nouvelle s\u00e9rie, 1993 ff (Hrsg. zus. mit Erik Hornung,<span class=\"excerpt-hellip\"> [\u2026]<\/span><\/p>\n","protected":false},"author":3,"featured_media":99,"parent":124,"menu_order":121,"comment_status":"closed","ping_status":"closed","template":"","meta":{"footnotes":""},"class_list":["post-370","page","type-page","status-publish","has-post-thumbnail","hentry"],"yoast_head":"<!-- This site is optimized with the Yoast SEO plugin v27.3 - https:\/\/yoast.com\/product\/yoast-seo-wordpress\/ -->\n<title>Direction d`\u00e9dition<\/title>\n<meta name=\"robots\" content=\"index, follow, max-snippet:-1, max-image-preview:large, max-video-preview:-1\" \/>\n<link rel=\"canonical\" href=\"https:\/\/www.schabert.org\/fr\/tilo\/bibliographie\/herausgabe\/\" \/>\n<meta property=\"og:locale\" content=\"fr_FR\" \/>\n<meta property=\"og:locale:alternate\" content=\"de_DE_formal\" \/>\n<meta property=\"og:locale:alternate\" content=\"en_GB\" \/>\n<meta property=\"og:type\" content=\"article\" \/>\n<meta property=\"og:title\" content=\"Direction d`\u00e9dition\" \/>\n<meta property=\"og:description\" content=\"[vc_row][vc_column width=\u00a0\u00bb4\/5&Prime;][vc_column_text] Direction d`\u00e9dition [\/vc_column_text][\/vc_column][vc_column width=\u00a0\u00bb1\/5&Prime;][vc_raw_html]JTNDYSUyMG5hbWUlM0QlMjJoZXJhdXNnYWJlJTIyJTNFJTNDJTJGYSUzRQ==[\/vc_raw_html][\/vc_column][\/vc_row][vc_row][vc_column][vc_column_text]Associate Editor, The Independent Journal of Philosophy, 1981-1983;[\/vc_column_text][vc_separator color=\u00a0\u00bbcustom\u00a0\u00bb style=\u00a0\u00bbdotted\u00a0\u00bb accent_color=\u00a0\u00bb#658290&Prime;][vc_column_text]Collection Eranos, Nouvelle s\u00e9rie, 1993 ff (Hrsg. zus. mit Erik Hornung, [\u2026]\" \/>\n<meta property=\"og:url\" content=\"https:\/\/www.schabert.org\/fr\/tilo\/bibliographie\/herausgabe\/\" \/>\n<meta property=\"og:site_name\" content=\"schabert.org\" \/>\n<meta property=\"article:modified_time\" content=\"2020-03-25T13:00:11+00:00\" \/>\n<meta property=\"og:image\" content=\"https:\/\/www.schabert.org\/wp-content\/uploads\/2020\/02\/banner3.jpg\" \/>\n\t<meta property=\"og:image:width\" content=\"1280\" \/>\n\t<meta property=\"og:image:height\" content=\"450\" \/>\n\t<meta property=\"og:image:type\" content=\"image\/jpeg\" \/>\n<meta name=\"twitter:card\" content=\"summary_large_image\" \/>\n<meta name=\"twitter:label1\" content=\"Dur\u00e9e de lecture estim\u00e9e\" \/>\n\t<meta name=\"twitter:data1\" content=\"5 minutes\" \/>\n<script type=\"application\/ld+json\" class=\"yoast-schema-graph\">{\"@context\":\"https:\\\/\\\/schema.org\",\"@graph\":[{\"@type\":\"WebPage\",\"@id\":\"https:\\\/\\\/www.schabert.org\\\/tilo\\\/bibliographie\\\/herausgabe\\\/\",\"url\":\"https:\\\/\\\/www.schabert.org\\\/tilo\\\/bibliographie\\\/herausgabe\\\/\",\"name\":\"Direction d`\u00e9dition\",\"isPartOf\":{\"@id\":\"https:\\\/\\\/www.schabert.org\\\/#website\"},\"primaryImageOfPage\":{\"@id\":\"https:\\\/\\\/www.schabert.org\\\/tilo\\\/bibliographie\\\/herausgabe\\\/#primaryimage\"},\"image\":{\"@id\":\"https:\\\/\\\/www.schabert.org\\\/tilo\\\/bibliographie\\\/herausgabe\\\/#primaryimage\"},\"thumbnailUrl\":\"https:\\\/\\\/www.schabert.org\\\/wp-content\\\/uploads\\\/2020\\\/02\\\/banner3.jpg\",\"datePublished\":\"2020-03-09T17:08:25+00:00\",\"dateModified\":\"2020-03-25T13:00:11+00:00\",\"breadcrumb\":{\"@id\":\"https:\\\/\\\/www.schabert.org\\\/tilo\\\/bibliographie\\\/herausgabe\\\/#breadcrumb\"},\"inLanguage\":\"fr-FR\",\"potentialAction\":[{\"@type\":\"ReadAction\",\"target\":[\"https:\\\/\\\/www.schabert.org\\\/tilo\\\/bibliographie\\\/herausgabe\\\/\"]}]},{\"@type\":\"ImageObject\",\"inLanguage\":\"fr-FR\",\"@id\":\"https:\\\/\\\/www.schabert.org\\\/tilo\\\/bibliographie\\\/herausgabe\\\/#primaryimage\",\"url\":\"https:\\\/\\\/www.schabert.org\\\/wp-content\\\/uploads\\\/2020\\\/02\\\/banner3.jpg\",\"contentUrl\":\"https:\\\/\\\/www.schabert.org\\\/wp-content\\\/uploads\\\/2020\\\/02\\\/banner3.jpg\",\"width\":1280,\"height\":450},{\"@type\":\"BreadcrumbList\",\"@id\":\"https:\\\/\\\/www.schabert.org\\\/tilo\\\/bibliographie\\\/herausgabe\\\/#breadcrumb\",\"itemListElement\":[{\"@type\":\"ListItem\",\"position\":1,\"name\":\"Startseite\",\"item\":\"https:\\\/\\\/www.schabert.org\\\/\"},{\"@type\":\"ListItem\",\"position\":2,\"name\":\"Tilo Schabert\",\"item\":\"https:\\\/\\\/www.schabert.org\\\/tilo\\\/\"},{\"@type\":\"ListItem\",\"position\":3,\"name\":\"Bibliographie &#8211; Schriftenverzeichnis\",\"item\":\"https:\\\/\\\/www.schabert.org\\\/tilo\\\/bibliographie\\\/\"},{\"@type\":\"ListItem\",\"position\":4,\"name\":\"Direction d`\u00e9dition\"}]},{\"@type\":\"WebSite\",\"@id\":\"https:\\\/\\\/www.schabert.org\\\/#website\",\"url\":\"https:\\\/\\\/www.schabert.org\\\/\",\"name\":\"schabert.org\",\"description\":\"\",\"publisher\":{\"@id\":\"https:\\\/\\\/www.schabert.org\\\/#organization\"},\"potentialAction\":[{\"@type\":\"SearchAction\",\"target\":{\"@type\":\"EntryPoint\",\"urlTemplate\":\"https:\\\/\\\/www.schabert.org\\\/?s={search_term_string}\"},\"query-input\":{\"@type\":\"PropertyValueSpecification\",\"valueRequired\":true,\"valueName\":\"search_term_string\"}}],\"inLanguage\":\"fr-FR\"},{\"@type\":\"Organization\",\"@id\":\"https:\\\/\\\/www.schabert.org\\\/#organization\",\"name\":\"www.schabert.org\",\"url\":\"https:\\\/\\\/www.schabert.org\\\/\",\"logo\":{\"@type\":\"ImageObject\",\"inLanguage\":\"fr-FR\",\"@id\":\"https:\\\/\\\/www.schabert.org\\\/#\\\/schema\\\/logo\\\/image\\\/\",\"url\":\"https:\\\/\\\/www.schabert.org\\\/wp-content\\\/uploads\\\/2020\\\/02\\\/Logo_schabertorg_3.png\",\"contentUrl\":\"https:\\\/\\\/www.schabert.org\\\/wp-content\\\/uploads\\\/2020\\\/02\\\/Logo_schabertorg_3.png\",\"width\":3000,\"height\":750,\"caption\":\"www.schabert.org\"},\"image\":{\"@id\":\"https:\\\/\\\/www.schabert.org\\\/#\\\/schema\\\/logo\\\/image\\\/\"}}]}<\/script>\n<!-- \/ Yoast SEO plugin. -->","yoast_head_json":{"title":"Direction d`\u00e9dition","robots":{"index":"index","follow":"follow","max-snippet":"max-snippet:-1","max-image-preview":"max-image-preview:large","max-video-preview":"max-video-preview:-1"},"canonical":"https:\/\/www.schabert.org\/fr\/tilo\/bibliographie\/herausgabe\/","og_locale":"fr_FR","og_type":"article","og_title":"[:de]Herausgabe[:en]Editorship[:fr]Direction d`\u00e9dition[:] - schabert.org","og_description":"[vc_row][vc_column width=\u00a0\u00bb4\/5&Prime;][vc_column_text] Direction d`\u00e9dition [\/vc_column_text][\/vc_column][vc_column width=\u00a0\u00bb1\/5&Prime;][vc_raw_html]JTNDYSUyMG5hbWUlM0QlMjJoZXJhdXNnYWJlJTIyJTNFJTNDJTJGYSUzRQ==[\/vc_raw_html][\/vc_column][\/vc_row][vc_row][vc_column][vc_column_text]Associate Editor, The Independent Journal of Philosophy, 1981-1983;[\/vc_column_text][vc_separator color=\u00a0\u00bbcustom\u00a0\u00bb style=\u00a0\u00bbdotted\u00a0\u00bb accent_color=\u00a0\u00bb#658290&Prime;][vc_column_text]Collection Eranos, Nouvelle s\u00e9rie, 1993 ff (Hrsg. zus. mit Erik Hornung, [\u2026]","og_url":"https:\/\/www.schabert.org\/fr\/tilo\/bibliographie\/herausgabe\/","og_site_name":"schabert.org","article_modified_time":"2020-03-25T13:00:11+00:00","og_image":[{"width":1280,"height":450,"url":"https:\/\/www.schabert.org\/wp-content\/uploads\/2020\/02\/banner3.jpg","type":"image\/jpeg"}],"twitter_card":"summary_large_image","twitter_misc":{"Dur\u00e9e de lecture estim\u00e9e":"5 minutes"},"schema":{"@context":"https:\/\/schema.org","@graph":[{"@type":"WebPage","@id":"https:\/\/www.schabert.org\/tilo\/bibliographie\/herausgabe\/","url":"https:\/\/www.schabert.org\/tilo\/bibliographie\/herausgabe\/","name":"Direction d`\u00e9dition","isPartOf":{"@id":"https:\/\/www.schabert.org\/#website"},"primaryImageOfPage":{"@id":"https:\/\/www.schabert.org\/tilo\/bibliographie\/herausgabe\/#primaryimage"},"image":{"@id":"https:\/\/www.schabert.org\/tilo\/bibliographie\/herausgabe\/#primaryimage"},"thumbnailUrl":"https:\/\/www.schabert.org\/wp-content\/uploads\/2020\/02\/banner3.jpg","datePublished":"2020-03-09T17:08:25+00:00","dateModified":"2020-03-25T13:00:11+00:00","breadcrumb":{"@id":"https:\/\/www.schabert.org\/tilo\/bibliographie\/herausgabe\/#breadcrumb"},"inLanguage":"fr-FR","potentialAction":[{"@type":"ReadAction","target":["https:\/\/www.schabert.org\/tilo\/bibliographie\/herausgabe\/"]}]},{"@type":"ImageObject","inLanguage":"fr-FR","@id":"https:\/\/www.schabert.org\/tilo\/bibliographie\/herausgabe\/#primaryimage","url":"https:\/\/www.schabert.org\/wp-content\/uploads\/2020\/02\/banner3.jpg","contentUrl":"https:\/\/www.schabert.org\/wp-content\/uploads\/2020\/02\/banner3.jpg","width":1280,"height":450},{"@type":"BreadcrumbList","@id":"https:\/\/www.schabert.org\/tilo\/bibliographie\/herausgabe\/#breadcrumb","itemListElement":[{"@type":"ListItem","position":1,"name":"Startseite","item":"https:\/\/www.schabert.org\/"},{"@type":"ListItem","position":2,"name":"Tilo Schabert","item":"https:\/\/www.schabert.org\/tilo\/"},{"@type":"ListItem","position":3,"name":"Bibliographie &#8211; Schriftenverzeichnis","item":"https:\/\/www.schabert.org\/tilo\/bibliographie\/"},{"@type":"ListItem","position":4,"name":"Direction d`\u00e9dition"}]},{"@type":"WebSite","@id":"https:\/\/www.schabert.org\/#website","url":"https:\/\/www.schabert.org\/","name":"schabert.org","description":"","publisher":{"@id":"https:\/\/www.schabert.org\/#organization"},"potentialAction":[{"@type":"SearchAction","target":{"@type":"EntryPoint","urlTemplate":"https:\/\/www.schabert.org\/?s={search_term_string}"},"query-input":{"@type":"PropertyValueSpecification","valueRequired":true,"valueName":"search_term_string"}}],"inLanguage":"fr-FR"},{"@type":"Organization","@id":"https:\/\/www.schabert.org\/#organization","name":"www.schabert.org","url":"https:\/\/www.schabert.org\/","logo":{"@type":"ImageObject","inLanguage":"fr-FR","@id":"https:\/\/www.schabert.org\/#\/schema\/logo\/image\/","url":"https:\/\/www.schabert.org\/wp-content\/uploads\/2020\/02\/Logo_schabertorg_3.png","contentUrl":"https:\/\/www.schabert.org\/wp-content\/uploads\/2020\/02\/Logo_schabertorg_3.png","width":3000,"height":750,"caption":"www.schabert.org"},"image":{"@id":"https:\/\/www.schabert.org\/#\/schema\/logo\/image\/"}}]}},"_links":{"self":[{"href":"https:\/\/www.schabert.org\/fr\/wp-json\/wp\/v2\/pages\/370","targetHints":{"allow":["GET"]}}],"collection":[{"href":"https:\/\/www.schabert.org\/fr\/wp-json\/wp\/v2\/pages"}],"about":[{"href":"https:\/\/www.schabert.org\/fr\/wp-json\/wp\/v2\/types\/page"}],"author":[{"embeddable":true,"href":"https:\/\/www.schabert.org\/fr\/wp-json\/wp\/v2\/users\/3"}],"replies":[{"embeddable":true,"href":"https:\/\/www.schabert.org\/fr\/wp-json\/wp\/v2\/comments?post=370"}],"version-history":[{"count":15,"href":"https:\/\/www.schabert.org\/fr\/wp-json\/wp\/v2\/pages\/370\/revisions"}],"predecessor-version":[{"id":694,"href":"https:\/\/www.schabert.org\/fr\/wp-json\/wp\/v2\/pages\/370\/revisions\/694"}],"up":[{"embeddable":true,"href":"https:\/\/www.schabert.org\/fr\/wp-json\/wp\/v2\/pages\/124"}],"wp:featuredmedia":[{"embeddable":true,"href":"https:\/\/www.schabert.org\/fr\/wp-json\/wp\/v2\/media\/99"}],"wp:attachment":[{"href":"https:\/\/www.schabert.org\/fr\/wp-json\/wp\/v2\/media?parent=370"}],"curies":[{"name":"wp","href":"https:\/\/api.w.org\/{rel}","templated":true}]}}