{"id":170,"date":"2020-02-24T19:48:06","date_gmt":"2020-02-24T18:48:06","guid":{"rendered":"http:\/\/dev2.www.schabert.org\/fr\/?page_id=170"},"modified":"2020-03-31T13:10:16","modified_gmt":"2020-03-31T11:10:16","slug":"f404","status":"publish","type":"page","link":"https:\/\/www.schabert.org\/fr\/f404\/","title":{"rendered":"Erreur 404"},"content":{"rendered":"\n<p><\/p>\n\n\n\n<p class=\"has-text-align-center\">Page n&rsquo;a pas \u00e9t\u00e9 trouv\u00e9e.<\/p>\n\n\n\n<p><\/p>\n","protected":false},"excerpt":{"rendered":"<p>Page n&rsquo;a pas \u00e9t\u00e9 trouv\u00e9e.<\/p>\n","protected":false},"author":3,"featured_media":99,"parent":0,"menu_order":420,"comment_status":"closed","ping_status":"closed","template":"","meta":{"footnotes":""},"class_list":["post-170","page","type-page","status-publish","has-post-thumbnail","hentry"],"yoast_head":"<!-- This site is optimized with the Yoast SEO plugin v27.3 - https:\/\/yoast.com\/product\/yoast-seo-wordpress\/ -->\n<title>Erreur 404<\/title>\n<meta name=\"robots\" content=\"index, follow, max-snippet:-1, max-image-preview:large, max-video-preview:-1\" \/>\n<link rel=\"canonical\" href=\"https:\/\/www.schabert.org\/fr\/f404\/\" \/>\n<meta property=\"og:locale\" content=\"fr_FR\" \/>\n<meta property=\"og:locale:alternate\" content=\"de_DE_formal\" \/>\n<meta property=\"og:locale:alternate\" content=\"en_GB\" \/>\n<meta property=\"og:type\" content=\"article\" \/>\n<meta property=\"og:title\" content=\"Erreur 404\" \/>\n<meta property=\"og:description\" content=\"Page n&rsquo;a pas \u00e9t\u00e9 trouv\u00e9e.\" \/>\n<meta property=\"og:url\" content=\"https:\/\/www.schabert.org\/fr\/f404\/\" \/>\n<meta property=\"og:site_name\" content=\"schabert.org\" \/>\n<meta property=\"article:modified_time\" content=\"2020-03-31T11:10:16+00:00\" \/>\n<meta property=\"og:image\" content=\"https:\/\/www.schabert.org\/wp-content\/uploads\/2020\/02\/banner3.jpg\" \/>\n\t<meta property=\"og:image:width\" content=\"1280\" \/>\n\t<meta property=\"og:image:height\" content=\"450\" \/>\n\t<meta property=\"og:image:type\" content=\"image\/jpeg\" \/>\n<meta name=\"twitter:card\" content=\"summary_large_image\" \/>\n<script type=\"application\/ld+json\" class=\"yoast-schema-graph\">{\"@context\":\"https:\\\/\\\/schema.org\",\"@graph\":[{\"@type\":\"WebPage\",\"@id\":\"https:\\\/\\\/www.schabert.org\\\/f404\\\/\",\"url\":\"https:\\\/\\\/www.schabert.org\\\/f404\\\/\",\"name\":\"Erreur 404\",\"isPartOf\":{\"@id\":\"https:\\\/\\\/www.schabert.org\\\/#website\"},\"primaryImageOfPage\":{\"@id\":\"https:\\\/\\\/www.schabert.org\\\/f404\\\/#primaryimage\"},\"image\":{\"@id\":\"https:\\\/\\\/www.schabert.org\\\/f404\\\/#primaryimage\"},\"thumbnailUrl\":\"https:\\\/\\\/www.schabert.org\\\/wp-content\\\/uploads\\\/2020\\\/02\\\/banner3.jpg\",\"datePublished\":\"2020-02-24T18:48:06+00:00\",\"dateModified\":\"2020-03-31T11:10:16+00:00\",\"breadcrumb\":{\"@id\":\"https:\\\/\\\/www.schabert.org\\\/f404\\\/#breadcrumb\"},\"inLanguage\":\"fr-FR\",\"potentialAction\":[{\"@type\":\"ReadAction\",\"target\":[\"https:\\\/\\\/www.schabert.org\\\/f404\\\/\"]}]},{\"@type\":\"ImageObject\",\"inLanguage\":\"fr-FR\",\"@id\":\"https:\\\/\\\/www.schabert.org\\\/f404\\\/#primaryimage\",\"url\":\"https:\\\/\\\/www.schabert.org\\\/wp-content\\\/uploads\\\/2020\\\/02\\\/banner3.jpg\",\"contentUrl\":\"https:\\\/\\\/www.schabert.org\\\/wp-content\\\/uploads\\\/2020\\\/02\\\/banner3.jpg\",\"width\":1280,\"height\":450},{\"@type\":\"BreadcrumbList\",\"@id\":\"https:\\\/\\\/www.schabert.org\\\/f404\\\/#breadcrumb\",\"itemListElement\":[{\"@type\":\"ListItem\",\"position\":1,\"name\":\"Startseite\",\"item\":\"https:\\\/\\\/www.schabert.org\\\/\"},{\"@type\":\"ListItem\",\"position\":2,\"name\":\"Fehler 404\"}]},{\"@type\":\"WebSite\",\"@id\":\"https:\\\/\\\/www.schabert.org\\\/#website\",\"url\":\"https:\\\/\\\/www.schabert.org\\\/\",\"name\":\"schabert.org\",\"description\":\"\",\"publisher\":{\"@id\":\"https:\\\/\\\/www.schabert.org\\\/#organization\"},\"potentialAction\":[{\"@type\":\"SearchAction\",\"target\":{\"@type\":\"EntryPoint\",\"urlTemplate\":\"https:\\\/\\\/www.schabert.org\\\/?s={search_term_string}\"},\"query-input\":{\"@type\":\"PropertyValueSpecification\",\"valueRequired\":true,\"valueName\":\"search_term_string\"}}],\"inLanguage\":\"fr-FR\"},{\"@type\":\"Organization\",\"@id\":\"https:\\\/\\\/www.schabert.org\\\/#organization\",\"name\":\"www.schabert.org\",\"url\":\"https:\\\/\\\/www.schabert.org\\\/\",\"logo\":{\"@type\":\"ImageObject\",\"inLanguage\":\"fr-FR\",\"@id\":\"https:\\\/\\\/www.schabert.org\\\/#\\\/schema\\\/logo\\\/image\\\/\",\"url\":\"https:\\\/\\\/www.schabert.org\\\/wp-content\\\/uploads\\\/2020\\\/02\\\/Logo_schabertorg_3.png\",\"contentUrl\":\"https:\\\/\\\/www.schabert.org\\\/wp-content\\\/uploads\\\/2020\\\/02\\\/Logo_schabertorg_3.png\",\"width\":3000,\"height\":750,\"caption\":\"www.schabert.org\"},\"image\":{\"@id\":\"https:\\\/\\\/www.schabert.org\\\/#\\\/schema\\\/logo\\\/image\\\/\"}}]}<\/script>\n<!-- \/ Yoast SEO plugin. -->","yoast_head_json":{"title":"Erreur 404","robots":{"index":"index","follow":"follow","max-snippet":"max-snippet:-1","max-image-preview":"max-image-preview:large","max-video-preview":"max-video-preview:-1"},"canonical":"https:\/\/www.schabert.org\/fr\/f404\/","og_locale":"fr_FR","og_type":"article","og_title":"[:de]Fehler 404[:en]Error 404[:fr]Erreur 404[:] - schabert.org","og_description":"Page n&rsquo;a pas \u00e9t\u00e9 trouv\u00e9e.","og_url":"https:\/\/www.schabert.org\/fr\/f404\/","og_site_name":"schabert.org","article_modified_time":"2020-03-31T11:10:16+00:00","og_image":[{"width":1280,"height":450,"url":"https:\/\/www.schabert.org\/wp-content\/uploads\/2020\/02\/banner3.jpg","type":"image\/jpeg"}],"twitter_card":"summary_large_image","schema":{"@context":"https:\/\/schema.org","@graph":[{"@type":"WebPage","@id":"https:\/\/www.schabert.org\/f404\/","url":"https:\/\/www.schabert.org\/f404\/","name":"Erreur 404","isPartOf":{"@id":"https:\/\/www.schabert.org\/#website"},"primaryImageOfPage":{"@id":"https:\/\/www.schabert.org\/f404\/#primaryimage"},"image":{"@id":"https:\/\/www.schabert.org\/f404\/#primaryimage"},"thumbnailUrl":"https:\/\/www.schabert.org\/wp-content\/uploads\/2020\/02\/banner3.jpg","datePublished":"2020-02-24T18:48:06+00:00","dateModified":"2020-03-31T11:10:16+00:00","breadcrumb":{"@id":"https:\/\/www.schabert.org\/f404\/#breadcrumb"},"inLanguage":"fr-FR","potentialAction":[{"@type":"ReadAction","target":["https:\/\/www.schabert.org\/f404\/"]}]},{"@type":"ImageObject","inLanguage":"fr-FR","@id":"https:\/\/www.schabert.org\/f404\/#primaryimage","url":"https:\/\/www.schabert.org\/wp-content\/uploads\/2020\/02\/banner3.jpg","contentUrl":"https:\/\/www.schabert.org\/wp-content\/uploads\/2020\/02\/banner3.jpg","width":1280,"height":450},{"@type":"BreadcrumbList","@id":"https:\/\/www.schabert.org\/f404\/#breadcrumb","itemListElement":[{"@type":"ListItem","position":1,"name":"Startseite","item":"https:\/\/www.schabert.org\/"},{"@type":"ListItem","position":2,"name":"Fehler 404"}]},{"@type":"WebSite","@id":"https:\/\/www.schabert.org\/#website","url":"https:\/\/www.schabert.org\/","name":"schabert.org","description":"","publisher":{"@id":"https:\/\/www.schabert.org\/#organization"},"potentialAction":[{"@type":"SearchAction","target":{"@type":"EntryPoint","urlTemplate":"https:\/\/www.schabert.org\/?s={search_term_string}"},"query-input":{"@type":"PropertyValueSpecification","valueRequired":true,"valueName":"search_term_string"}}],"inLanguage":"fr-FR"},{"@type":"Organization","@id":"https:\/\/www.schabert.org\/#organization","name":"www.schabert.org","url":"https:\/\/www.schabert.org\/","logo":{"@type":"ImageObject","inLanguage":"fr-FR","@id":"https:\/\/www.schabert.org\/#\/schema\/logo\/image\/","url":"https:\/\/www.schabert.org\/wp-content\/uploads\/2020\/02\/Logo_schabertorg_3.png","contentUrl":"https:\/\/www.schabert.org\/wp-content\/uploads\/2020\/02\/Logo_schabertorg_3.png","width":3000,"height":750,"caption":"www.schabert.org"},"image":{"@id":"https:\/\/www.schabert.org\/#\/schema\/logo\/image\/"}}]}},"_links":{"self":[{"href":"https:\/\/www.schabert.org\/fr\/wp-json\/wp\/v2\/pages\/170","targetHints":{"allow":["GET"]}}],"collection":[{"href":"https:\/\/www.schabert.org\/fr\/wp-json\/wp\/v2\/pages"}],"about":[{"href":"https:\/\/www.schabert.org\/fr\/wp-json\/wp\/v2\/types\/page"}],"author":[{"embeddable":true,"href":"https:\/\/www.schabert.org\/fr\/wp-json\/wp\/v2\/users\/3"}],"replies":[{"embeddable":true,"href":"https:\/\/www.schabert.org\/fr\/wp-json\/wp\/v2\/comments?post=170"}],"version-history":[{"count":19,"href":"https:\/\/www.schabert.org\/fr\/wp-json\/wp\/v2\/pages\/170\/revisions"}],"predecessor-version":[{"id":1108,"href":"https:\/\/www.schabert.org\/fr\/wp-json\/wp\/v2\/pages\/170\/revisions\/1108"}],"wp:featuredmedia":[{"embeddable":true,"href":"https:\/\/www.schabert.org\/fr\/wp-json\/wp\/v2\/media\/99"}],"wp:attachment":[{"href":"https:\/\/www.schabert.org\/fr\/wp-json\/wp\/v2\/media?parent=170"}],"curies":[{"name":"wp","href":"https:\/\/api.w.org\/{rel}","templated":true}]}}