{"id":386,"date":"2020-03-09T18:14:00","date_gmt":"2020-03-09T17:14:00","guid":{"rendered":"http:\/\/dev4.www.schabert.org\/?page_id=386"},"modified":"2022-01-23T20:46:11","modified_gmt":"2022-01-23T19:46:11","slug":"arbeiten","status":"publish","type":"page","link":"https:\/\/www.schabert.org\/en\/tilo\/bibliographie\/arbeiten\/","title":{"rendered":"Scholarly Journalism"},"content":{"rendered":"<section class=\"wpb-content-wrapper\"><p>[vc_row][vc_column width=&#8221;4\/5&#8243;][vc_column_text]<\/p>\n<h3><strong>Scholarly Journalism &#8211; Publications<\/strong><\/h3>\n<p>[\/vc_column_text][\/vc_column][vc_column width=&#8221;1\/5&#8243;][vc_raw_html]JTNDYSUyMG5hbWUlM0QlMjJhcmJlaXRlbiUyMiUzRSUzQyUyRmElM0U=[\/vc_raw_html][\/vc_column][\/vc_row][vc_row][vc_column width=&#8221;1\/4&#8243;][vc_column_text]<strong>(a) with H. Dotterweich<\/strong>[\/vc_column_text][\/vc_column][vc_column width=&#8221;3\/4&#8243;][vc_column_text css=&#8221;.vc_custom_1585312907448{margin-right: 30px !important;}&#8221;]&#8221;Herrschaft in der attischen Demokratie&#8221; in: <strong>Von Gottes und von Volkes Gnaden<\/strong>, ed. H. Dotter\u00adweich, M\u00fcnchen 1977, pp. 18-26;<\/p>\n<p>&#8220;Revolution und Herrschaft am Beispiel der Franz\u00f6sischen Revolu\u00adtion&#8221;, ebd., pp. 59-67;<\/p>\n<p>&#8220;Die Herrschaft des Schreckens&#8221; ibid., pp. 68-75.[\/vc_column_text][\/vc_column][\/vc_row][vc_row][vc_column][vc_separator color=&#8221;custom&#8221; style=&#8221;dotted&#8221; accent_color=&#8221;#658290&#8243;][\/vc_column][\/vc_row][vc_row][vc_column width=&#8221;1\/4&#8243;][vc_column_text]<strong>(b) as only author<\/strong>[\/vc_column_text][\/vc_column][vc_column width=&#8221;3\/4&#8243;][vc_column_text css=&#8221;.vc_custom_1642967088281{margin-right: 30px !important;}&#8221;]&#8221;Flucht und Vertreibung. Das Schicksal der Deutschen im Osten am Ende des zweiten Weltkriegs&#8221; in: <strong>Schulfernsehen<\/strong>, 2O. Jg., H.5, January 1984, pp. 37-38;<br \/>\nreprinted in: <strong>Schulfernsehen<\/strong>, 21. Jg., H.5, January 1985, pp. 49-50;<\/p>\n<p>&#8220;Nationen, Minderheiten, Rassenwahn. Osteuropa und die Deutschen 1914-1944&#8221; in: <strong>Schulfernsehen<\/strong>, 21. Jg., H.5, January 1985, pp. 45-48;<br \/>\nreprinted in: <strong>Schulfernsehen<\/strong>, 23. Jg., H.4, December 1986, pp. 55-58;<\/p>\n<p>&#8220;In der Epoche des Eurorealismus&#8221; in: <strong>S\u00fcddeutsche Zeitung<\/strong>, No. 271, 24. November 1988, p. 13;<\/p>\n<p>&#8220;Brief aus Ascona. Das Abenteuer Eranos&#8221; in <strong>S\u00fcddeutsche Zeitung<\/strong>, No. 195, 24.\/25. August 1991, p. 131 (<a href=\"https:\/\/www.schabert.org\/wp-content\/uploads\/2020\/03\/Das_Abenteuer_Eranos.pdf\" target=\"_blank\" rel=\"noopener noreferrer\">PDF<\/a>);<\/p>\n<p>&#8220;Der demokratische Sonnenk\u00f6nig. Wie Fran\u00e7ois Mitterrand im Elys\u00e9e-Palast seine Macht aus\u00fcbt&#8221; in: <strong>S\u00fcddeutsche Zeitung<\/strong>, No. 159, 14.July 1993, p.11;<\/p>\n<p>&#8220;Des freien Menschen Renaissance&#8221;, in: <strong>Freie Presse<\/strong> (Chemnitz), No. 12, 24. March 1994 (Sondernummer &#8220;Agricolajahr 1994&#8221;);<\/p>\n<p>&#8220;In der Mitte der Macht herrscht Stille. Erinnerungen an Fran\u00e7ois Mitterrand&#8221;, in: <strong>S\u00fcddeutsche Zeitung<\/strong>, No. 7, 10. January 1996, p. 11;<\/p>\n<p>&#8220;Roben f\u00fcr Robespierre. Roberto Racinaros Haftgeschichte entlarvt den Tugendterror italienischer Richter&#8221;, in: <strong>S\u00fcddeutsche Zeitung<\/strong>, No. 285, 10. December 1996, p. 13;<\/p>\n<p>&#8220;Portmann und Eranos &#8221; (zus. mit E. Hornung), in:<strong> Uni Nova. Wissenschaftsmagazin der Universit\u00e4t Basel<\/strong>, Nr. 79\/89 (&#8220;Adolf Portmann zum 100. Geburtstag&#8221;), May 1997, pp. 112-113;<\/p>\n<p>&#8220;Auf dem Athos strahlt eure Zivilisation! Im Untergrund lebendige Geschichte &#8211; ein Gespr\u00e4ch in Thessaloniki \u00fcber Byzanz und Maastrichts b\u00fcrokratische Kreuzfahrer&#8221;, in: S\u00fcddeutsche Zeitung , No. 89, 18.\/19. April 1998, p. II.;<\/p>\n<p>&#8220;Wie sch\u00f6n kann Baierbrunn sein? Zur Gestalt einer Gemeinde, wie sie planerische Politik schafft&#8221;, in: Baierbrunner Post , December 2001, pp. 2-3.;<\/p>\n<p>&#8220;Die Irrt\u00fcmer des Helmut Kohl. Der Ex-Kanzler kritisiert das deutsch-franz\u00f6sische Verh\u00e4ltnis und zeichnet damit ein historisch falsches Bild&#8221;, in: <strong>S\u00fcddeutsche Zeitung<\/strong>, No. 270, 23. November 2005, p. 2.;<\/p>\n<p>&#8220;Frankreichs Sprung in die Moderne&#8221;, Interview, <strong>Salzburger Nachrichten<\/strong>, 25. Mai 2007, pp. 1, 10.;<\/p>\n<p>&#8220;Les Allemands se sentent mieux dans leurs peau&#8221;, Interview, <strong>La Croix<\/strong>, 4. September 2009. (<a href=\"https:\/\/www.schabert.org\/wp-content\/uploads\/2020\/03\/La-Croix-Dossier.pdf\" target=\"_blank\" rel=\"noopener noreferrer\">PDF<\/a>);<\/p>\n<p>&#8220;Die Pandemie ist ein Test der Regierungskunst&#8221;, in: <b>Th\u00fcringer Allgemeine<\/b>, December 13, 2021 (<a href=\"https:\/\/www.schabert.org\/wp-content\/uploads\/2022\/01\/crop_2021-12-13_Thueringer_Allgemeine_Gotha_-_13-12-2021_22.pdf\" target=\"_blank\" rel=\"noopener\">PDF<\/a>);<\/p>\n<p>[\/vc_column_text][\/vc_column][\/vc_row][vc_row][vc_column][vc_separator color=&#8221;custom&#8221; style=&#8221;dotted&#8221; accent_color=&#8221;#658290&#8243;][\/vc_column][\/vc_row]<\/p>\n<\/section>","protected":false},"excerpt":{"rendered":"<p>[vc_row][vc_column width=&#8221;4\/5&#8243;][vc_column_text] Scholarly Journalism &#8211; Publications [\/vc_column_text][\/vc_column][vc_column width=&#8221;1\/5&#8243;][vc_raw_html]JTNDYSUyMG5hbWUlM0QlMjJhcmJlaXRlbiUyMiUzRSUzQyUyRmElM0U=[\/vc_raw_html][\/vc_column][\/vc_row][vc_row][vc_column width=&#8221;1\/4&#8243;][vc_column_text](a) with H. Dotterweich[\/vc_column_text][\/vc_column][vc_column width=&#8221;3\/4&#8243;][vc_column_text css=&#8221;.vc_custom_1585312907448{margin-right: 30px !important;}&#8221;]&#8221;Herrschaft in der attischen Demokratie&#8221; in: Von Gottes und von Volkes<span class=\"excerpt-hellip\"> [\u2026]<\/span><\/p>\n","protected":false},"author":3,"featured_media":99,"parent":124,"menu_order":125,"comment_status":"closed","ping_status":"closed","template":"","meta":{"footnotes":""},"class_list":["post-386","page","type-page","status-publish","has-post-thumbnail","hentry"],"yoast_head":"<!-- This site is optimized with the Yoast SEO plugin v27.3 - https:\/\/yoast.com\/product\/yoast-seo-wordpress\/ -->\n<title>Scholarly Journalism<\/title>\n<meta name=\"robots\" content=\"index, follow, max-snippet:-1, max-image-preview:large, max-video-preview:-1\" \/>\n<link rel=\"canonical\" href=\"https:\/\/www.schabert.org\/en\/tilo\/bibliographie\/arbeiten\/\" \/>\n<meta property=\"og:locale\" content=\"en_GB\" \/>\n<meta property=\"og:locale:alternate\" content=\"de_DE_formal\" \/>\n<meta property=\"og:locale:alternate\" content=\"fr_FR\" \/>\n<meta property=\"og:type\" content=\"article\" \/>\n<meta property=\"og:title\" content=\"Scholarly Journalism\" \/>\n<meta property=\"og:description\" content=\"[vc_row][vc_column width=&#8221;4\/5&#8243;][vc_column_text] Scholarly Journalism &#8211; Publications [\/vc_column_text][\/vc_column][vc_column width=&#8221;1\/5&#8243;][vc_raw_html]JTNDYSUyMG5hbWUlM0QlMjJhcmJlaXRlbiUyMiUzRSUzQyUyRmElM0U=[\/vc_raw_html][\/vc_column][\/vc_row][vc_row][vc_column width=&#8221;1\/4&#8243;][vc_column_text](a) with H. Dotterweich[\/vc_column_text][\/vc_column][vc_column width=&#8221;3\/4&#8243;][vc_column_text css=&#8221;.vc_custom_1585312907448{margin-right: 30px !important;}&#8221;]&#8221;Herrschaft in der attischen Demokratie&#8221; in: Von Gottes und von Volkes [\u2026]\" \/>\n<meta property=\"og:url\" content=\"https:\/\/www.schabert.org\/en\/tilo\/bibliographie\/arbeiten\/\" \/>\n<meta property=\"og:site_name\" content=\"schabert.org\" \/>\n<meta property=\"article:modified_time\" content=\"2022-01-23T19:46:11+00:00\" \/>\n<meta property=\"og:image\" content=\"https:\/\/www.schabert.org\/wp-content\/uploads\/2020\/02\/banner3.jpg\" \/>\n\t<meta property=\"og:image:width\" content=\"1280\" \/>\n\t<meta property=\"og:image:height\" content=\"450\" \/>\n\t<meta property=\"og:image:type\" content=\"image\/jpeg\" \/>\n<meta name=\"twitter:card\" content=\"summary_large_image\" \/>\n<meta name=\"twitter:label1\" content=\"Estimated reading time\" \/>\n\t<meta name=\"twitter:data1\" content=\"2 minutes\" \/>\n<script type=\"application\/ld+json\" class=\"yoast-schema-graph\">{\"@context\":\"https:\\\/\\\/schema.org\",\"@graph\":[{\"@type\":\"WebPage\",\"@id\":\"https:\\\/\\\/www.schabert.org\\\/tilo\\\/bibliographie\\\/arbeiten\\\/\",\"url\":\"https:\\\/\\\/www.schabert.org\\\/tilo\\\/bibliographie\\\/arbeiten\\\/\",\"name\":\"Scholarly Journalism\",\"isPartOf\":{\"@id\":\"https:\\\/\\\/www.schabert.org\\\/#website\"},\"primaryImageOfPage\":{\"@id\":\"https:\\\/\\\/www.schabert.org\\\/tilo\\\/bibliographie\\\/arbeiten\\\/#primaryimage\"},\"image\":{\"@id\":\"https:\\\/\\\/www.schabert.org\\\/tilo\\\/bibliographie\\\/arbeiten\\\/#primaryimage\"},\"thumbnailUrl\":\"https:\\\/\\\/www.schabert.org\\\/wp-content\\\/uploads\\\/2020\\\/02\\\/banner3.jpg\",\"datePublished\":\"2020-03-09T17:14:00+00:00\",\"dateModified\":\"2022-01-23T19:46:11+00:00\",\"breadcrumb\":{\"@id\":\"https:\\\/\\\/www.schabert.org\\\/tilo\\\/bibliographie\\\/arbeiten\\\/#breadcrumb\"},\"inLanguage\":\"en-GB\",\"potentialAction\":[{\"@type\":\"ReadAction\",\"target\":[\"https:\\\/\\\/www.schabert.org\\\/tilo\\\/bibliographie\\\/arbeiten\\\/\"]}]},{\"@type\":\"ImageObject\",\"inLanguage\":\"en-GB\",\"@id\":\"https:\\\/\\\/www.schabert.org\\\/tilo\\\/bibliographie\\\/arbeiten\\\/#primaryimage\",\"url\":\"https:\\\/\\\/www.schabert.org\\\/wp-content\\\/uploads\\\/2020\\\/02\\\/banner3.jpg\",\"contentUrl\":\"https:\\\/\\\/www.schabert.org\\\/wp-content\\\/uploads\\\/2020\\\/02\\\/banner3.jpg\",\"width\":1280,\"height\":450},{\"@type\":\"BreadcrumbList\",\"@id\":\"https:\\\/\\\/www.schabert.org\\\/tilo\\\/bibliographie\\\/arbeiten\\\/#breadcrumb\",\"itemListElement\":[{\"@type\":\"ListItem\",\"position\":1,\"name\":\"Startseite\",\"item\":\"https:\\\/\\\/www.schabert.org\\\/\"},{\"@type\":\"ListItem\",\"position\":2,\"name\":\"Tilo Schabert\",\"item\":\"https:\\\/\\\/www.schabert.org\\\/tilo\\\/\"},{\"@type\":\"ListItem\",\"position\":3,\"name\":\"Bibliographie &#8211; Schriftenverzeichnis\",\"item\":\"https:\\\/\\\/www.schabert.org\\\/tilo\\\/bibliographie\\\/\"},{\"@type\":\"ListItem\",\"position\":4,\"name\":\"Publications en journalisme scientifique\"}]},{\"@type\":\"WebSite\",\"@id\":\"https:\\\/\\\/www.schabert.org\\\/#website\",\"url\":\"https:\\\/\\\/www.schabert.org\\\/\",\"name\":\"schabert.org\",\"description\":\"\",\"publisher\":{\"@id\":\"https:\\\/\\\/www.schabert.org\\\/#organization\"},\"potentialAction\":[{\"@type\":\"SearchAction\",\"target\":{\"@type\":\"EntryPoint\",\"urlTemplate\":\"https:\\\/\\\/www.schabert.org\\\/?s={search_term_string}\"},\"query-input\":{\"@type\":\"PropertyValueSpecification\",\"valueRequired\":true,\"valueName\":\"search_term_string\"}}],\"inLanguage\":\"en-GB\"},{\"@type\":\"Organization\",\"@id\":\"https:\\\/\\\/www.schabert.org\\\/#organization\",\"name\":\"www.schabert.org\",\"url\":\"https:\\\/\\\/www.schabert.org\\\/\",\"logo\":{\"@type\":\"ImageObject\",\"inLanguage\":\"en-GB\",\"@id\":\"https:\\\/\\\/www.schabert.org\\\/#\\\/schema\\\/logo\\\/image\\\/\",\"url\":\"https:\\\/\\\/www.schabert.org\\\/wp-content\\\/uploads\\\/2020\\\/02\\\/Logo_schabertorg_3.png\",\"contentUrl\":\"https:\\\/\\\/www.schabert.org\\\/wp-content\\\/uploads\\\/2020\\\/02\\\/Logo_schabertorg_3.png\",\"width\":3000,\"height\":750,\"caption\":\"www.schabert.org\"},\"image\":{\"@id\":\"https:\\\/\\\/www.schabert.org\\\/#\\\/schema\\\/logo\\\/image\\\/\"}}]}<\/script>\n<!-- \/ Yoast SEO plugin. -->","yoast_head_json":{"title":"Scholarly Journalism","robots":{"index":"index","follow":"follow","max-snippet":"max-snippet:-1","max-image-preview":"max-image-preview:large","max-video-preview":"max-video-preview:-1"},"canonical":"https:\/\/www.schabert.org\/en\/tilo\/bibliographie\/arbeiten\/","og_locale":"en_GB","og_type":"article","og_title":"[:de]Wissenschaftsjournalistische Arbeiten[:en]Scholarly Journalism[:fr]Publications en journalisme scientifique[:] - schabert.org","og_description":"[vc_row][vc_column width=&#8221;4\/5&#8243;][vc_column_text] Scholarly Journalism &#8211; Publications [\/vc_column_text][\/vc_column][vc_column width=&#8221;1\/5&#8243;][vc_raw_html]JTNDYSUyMG5hbWUlM0QlMjJhcmJlaXRlbiUyMiUzRSUzQyUyRmElM0U=[\/vc_raw_html][\/vc_column][\/vc_row][vc_row][vc_column width=&#8221;1\/4&#8243;][vc_column_text](a) with H. Dotterweich[\/vc_column_text][\/vc_column][vc_column width=&#8221;3\/4&#8243;][vc_column_text css=&#8221;.vc_custom_1585312907448{margin-right: 30px !important;}&#8221;]&#8221;Herrschaft in der attischen Demokratie&#8221; in: Von Gottes und von Volkes [\u2026]","og_url":"https:\/\/www.schabert.org\/en\/tilo\/bibliographie\/arbeiten\/","og_site_name":"schabert.org","article_modified_time":"2022-01-23T19:46:11+00:00","og_image":[{"width":1280,"height":450,"url":"https:\/\/www.schabert.org\/wp-content\/uploads\/2020\/02\/banner3.jpg","type":"image\/jpeg"}],"twitter_card":"summary_large_image","twitter_misc":{"Estimated reading time":"2 minutes"},"schema":{"@context":"https:\/\/schema.org","@graph":[{"@type":"WebPage","@id":"https:\/\/www.schabert.org\/tilo\/bibliographie\/arbeiten\/","url":"https:\/\/www.schabert.org\/tilo\/bibliographie\/arbeiten\/","name":"Scholarly Journalism","isPartOf":{"@id":"https:\/\/www.schabert.org\/#website"},"primaryImageOfPage":{"@id":"https:\/\/www.schabert.org\/tilo\/bibliographie\/arbeiten\/#primaryimage"},"image":{"@id":"https:\/\/www.schabert.org\/tilo\/bibliographie\/arbeiten\/#primaryimage"},"thumbnailUrl":"https:\/\/www.schabert.org\/wp-content\/uploads\/2020\/02\/banner3.jpg","datePublished":"2020-03-09T17:14:00+00:00","dateModified":"2022-01-23T19:46:11+00:00","breadcrumb":{"@id":"https:\/\/www.schabert.org\/tilo\/bibliographie\/arbeiten\/#breadcrumb"},"inLanguage":"en-GB","potentialAction":[{"@type":"ReadAction","target":["https:\/\/www.schabert.org\/tilo\/bibliographie\/arbeiten\/"]}]},{"@type":"ImageObject","inLanguage":"en-GB","@id":"https:\/\/www.schabert.org\/tilo\/bibliographie\/arbeiten\/#primaryimage","url":"https:\/\/www.schabert.org\/wp-content\/uploads\/2020\/02\/banner3.jpg","contentUrl":"https:\/\/www.schabert.org\/wp-content\/uploads\/2020\/02\/banner3.jpg","width":1280,"height":450},{"@type":"BreadcrumbList","@id":"https:\/\/www.schabert.org\/tilo\/bibliographie\/arbeiten\/#breadcrumb","itemListElement":[{"@type":"ListItem","position":1,"name":"Startseite","item":"https:\/\/www.schabert.org\/"},{"@type":"ListItem","position":2,"name":"Tilo Schabert","item":"https:\/\/www.schabert.org\/tilo\/"},{"@type":"ListItem","position":3,"name":"Bibliographie &#8211; Schriftenverzeichnis","item":"https:\/\/www.schabert.org\/tilo\/bibliographie\/"},{"@type":"ListItem","position":4,"name":"Publications en journalisme scientifique"}]},{"@type":"WebSite","@id":"https:\/\/www.schabert.org\/#website","url":"https:\/\/www.schabert.org\/","name":"schabert.org","description":"","publisher":{"@id":"https:\/\/www.schabert.org\/#organization"},"potentialAction":[{"@type":"SearchAction","target":{"@type":"EntryPoint","urlTemplate":"https:\/\/www.schabert.org\/?s={search_term_string}"},"query-input":{"@type":"PropertyValueSpecification","valueRequired":true,"valueName":"search_term_string"}}],"inLanguage":"en-GB"},{"@type":"Organization","@id":"https:\/\/www.schabert.org\/#organization","name":"www.schabert.org","url":"https:\/\/www.schabert.org\/","logo":{"@type":"ImageObject","inLanguage":"en-GB","@id":"https:\/\/www.schabert.org\/#\/schema\/logo\/image\/","url":"https:\/\/www.schabert.org\/wp-content\/uploads\/2020\/02\/Logo_schabertorg_3.png","contentUrl":"https:\/\/www.schabert.org\/wp-content\/uploads\/2020\/02\/Logo_schabertorg_3.png","width":3000,"height":750,"caption":"www.schabert.org"},"image":{"@id":"https:\/\/www.schabert.org\/#\/schema\/logo\/image\/"}}]}},"_links":{"self":[{"href":"https:\/\/www.schabert.org\/en\/wp-json\/wp\/v2\/pages\/386","targetHints":{"allow":["GET"]}}],"collection":[{"href":"https:\/\/www.schabert.org\/en\/wp-json\/wp\/v2\/pages"}],"about":[{"href":"https:\/\/www.schabert.org\/en\/wp-json\/wp\/v2\/types\/page"}],"author":[{"embeddable":true,"href":"https:\/\/www.schabert.org\/en\/wp-json\/wp\/v2\/users\/3"}],"replies":[{"embeddable":true,"href":"https:\/\/www.schabert.org\/en\/wp-json\/wp\/v2\/comments?post=386"}],"version-history":[{"count":14,"href":"https:\/\/www.schabert.org\/en\/wp-json\/wp\/v2\/pages\/386\/revisions"}],"predecessor-version":[{"id":1408,"href":"https:\/\/www.schabert.org\/en\/wp-json\/wp\/v2\/pages\/386\/revisions\/1408"}],"up":[{"embeddable":true,"href":"https:\/\/www.schabert.org\/en\/wp-json\/wp\/v2\/pages\/124"}],"wp:featuredmedia":[{"embeddable":true,"href":"https:\/\/www.schabert.org\/en\/wp-json\/wp\/v2\/media\/99"}],"wp:attachment":[{"href":"https:\/\/www.schabert.org\/en\/wp-json\/wp\/v2\/media?parent=386"}],"curies":[{"name":"wp","href":"https:\/\/api.w.org\/{rel}","templated":true}]}}