{"id":128,"date":"2020-02-24T19:11:52","date_gmt":"2020-02-24T18:11:52","guid":{"rendered":"http:\/\/dev2.www.schabert.org\/?page_id=128"},"modified":"2022-10-19T14:31:54","modified_gmt":"2022-10-19T12:31:54","slug":"mediathek","status":"publish","type":"page","link":"https:\/\/www.schabert.org\/en\/tilo\/mediathek\/","title":{"rendered":"Mediathek"},"content":{"rendered":"<section class=\"wpb-content-wrapper\"><p>[vc_row][vc_column width=&#8221;1\/6&#8243; css=&#8221;.vc_custom_1584904592950{margin-right: 50px !important;margin-left: 50px !important;}&#8221;][\/vc_column][vc_column width=&#8221;2\/3&#8243;][vc_column_text css=&#8221;.vc_custom_1585330593712{margin-right: 0px !important;margin-bottom: 15px !important;margin-left: 0px !important;}&#8221;]Lecture: &#8220;<strong>The German Revolution 1989-1990: A European Experience<\/strong>&#8220;, 24th June 2017, Sinaia (Romania)[\/vc_column_text][vc_video link=&#8221;https:\/\/youtu.be\/PEF03habFsc&#8221; css=&#8221;.vc_custom_1584904824875{margin-bottom: 5px !important;}&#8221;][vc_separator color=&#8221;custom&#8221; style=&#8221;dotted&#8221; accent_color=&#8221;#658290&#8243;][vc_column_text css=&#8221;.vc_custom_1585330663329{margin-right: 0px !important;margin-bottom: 15px !important;margin-left: 0px !important;}&#8221;]Lecture: &#8220;<strong>R\u00fcckblick auf die franz\u00f6sischen Pr\u00e4sidentschaftswahlen<\/strong>&#8220;, 20th November 2017, University Hildesheim[\/vc_column_text][vc_video link=&#8221;https:\/\/youtu.be\/NRW8Xf-yV2M&#8221;][vc_separator color=&#8221;custom&#8221; style=&#8221;dotted&#8221; accent_color=&#8221;#658290&#8243;][vc_column_text css=&#8221;.vc_custom_1585330681485{margin-right: 0px !important;margin-bottom: 15px !important;margin-left: 0px !important;}&#8221;]Lecture: &#8220;<strong>The rights of immigrants, the rights of states<\/strong>&#8220;, 22nd March 2019, Mathias Corvinus Collegium, Budapest[\/vc_column_text][vc_video link=&#8221;https:\/\/youtu.be\/7mX00F8bxt8&#8243;][vc_separator color=&#8221;custom&#8221; style=&#8221;dotted&#8221; accent_color=&#8221;#658290&#8243;][vc_column_text css=&#8221;.vc_custom_1611636796993{margin-right: 0px !important;margin-bottom: 15px !important;margin-left: 0px !important;}&#8221;]Lecture: &#8220;<strong>HOW AND WHY THE WEST WON THE COLD WAR<\/strong>&#8220;, 7th April 2009, University of Calgary (Canada)[\/vc_column_text][vc_video link=&#8221;https:\/\/www.youtube.com\/embed\/BekBXg_Kq54&#8243;][vc_separator color=&#8221;custom&#8221; style=&#8221;dotted&#8221; accent_color=&#8221;#658290&#8243;][vc_column_text css=&#8221;.vc_custom_1665934982942{margin-right: 0px !important;margin-bottom: 15px !important;margin-left: 0px !important;}&#8221;]Lecture &#8220;<strong>La tua amicizia come guida dei miei pensieri<\/strong>&#8220;, October 10, 2022, at the Conference &#8220;Racinaro Interprete del Tempo&#8221;, University of Salerno (Italy)[\/vc_column_text][vc_video link=&#8221;https:\/\/www.youtube.com\/embed\/kA89ZLXjyQY&#8221;][vc_separator color=&#8221;custom&#8221; style=&#8221;dotted&#8221; accent_color=&#8221;#658290&#8243;][\/vc_column][vc_column width=&#8221;1\/6&#8243;][\/vc_column][\/vc_row]<\/p>\n<\/section>","protected":false},"excerpt":{"rendered":"<p>[vc_row][vc_column width=&#8221;1\/6&#8243; css=&#8221;.vc_custom_1584904592950{margin-right: 50px !important;margin-left: 50px !important;}&#8221;][\/vc_column][vc_column width=&#8221;2\/3&#8243;][vc_column_text css=&#8221;.vc_custom_1585330593712{margin-right: 0px !important;margin-bottom: 15px !important;margin-left: 0px !important;}&#8221;]Lecture: &#8220;The German Revolution 1989-1990: A European Experience&#8220;, 24th June 2017, Sinaia<span class=\"excerpt-hellip\"> [\u2026]<\/span><\/p>\n","protected":false},"author":3,"featured_media":99,"parent":27,"menu_order":130,"comment_status":"closed","ping_status":"closed","template":"","meta":{"footnotes":""},"class_list":["post-128","page","type-page","status-publish","has-post-thumbnail","hentry"],"yoast_head":"<!-- This site is optimized with the Yoast SEO plugin v27.3 - https:\/\/yoast.com\/product\/yoast-seo-wordpress\/ -->\n<title>Mediathek<\/title>\n<meta name=\"robots\" content=\"index, follow, max-snippet:-1, max-image-preview:large, max-video-preview:-1\" \/>\n<link rel=\"canonical\" href=\"https:\/\/www.schabert.org\/en\/tilo\/mediathek\/\" \/>\n<meta property=\"og:locale\" content=\"en_GB\" \/>\n<meta property=\"og:locale:alternate\" content=\"de_DE_formal\" \/>\n<meta property=\"og:locale:alternate\" content=\"fr_FR\" \/>\n<meta property=\"og:type\" content=\"article\" \/>\n<meta property=\"og:title\" content=\"Mediathek\" \/>\n<meta property=\"og:description\" content=\"[vc_row][vc_column width=&#8221;1\/6&#8243; css=&#8221;.vc_custom_1584904592950{margin-right: 50px !important;margin-left: 50px !important;}&#8221;][\/vc_column][vc_column width=&#8221;2\/3&#8243;][vc_column_text css=&#8221;.vc_custom_1585330593712{margin-right: 0px !important;margin-bottom: 15px !important;margin-left: 0px !important;}&#8221;]Lecture: &#8220;The German Revolution 1989-1990: A European Experience&#8220;, 24th June 2017, Sinaia [\u2026]\" \/>\n<meta property=\"og:url\" content=\"https:\/\/www.schabert.org\/en\/tilo\/mediathek\/\" \/>\n<meta property=\"og:site_name\" content=\"schabert.org\" \/>\n<meta property=\"article:modified_time\" content=\"2022-10-19T12:31:54+00:00\" \/>\n<meta property=\"og:image\" content=\"https:\/\/www.schabert.org\/wp-content\/uploads\/2020\/02\/banner3.jpg\" \/>\n\t<meta property=\"og:image:width\" content=\"1280\" \/>\n\t<meta property=\"og:image:height\" content=\"450\" \/>\n\t<meta property=\"og:image:type\" content=\"image\/jpeg\" \/>\n<meta name=\"twitter:card\" content=\"summary_large_image\" \/>\n<meta name=\"twitter:label1\" content=\"Estimated reading time\" \/>\n\t<meta name=\"twitter:data1\" content=\"1 minute\" \/>\n<script type=\"application\/ld+json\" class=\"yoast-schema-graph\">{\"@context\":\"https:\\\/\\\/schema.org\",\"@graph\":[{\"@type\":\"WebPage\",\"@id\":\"https:\\\/\\\/www.schabert.org\\\/tilo\\\/mediathek\\\/\",\"url\":\"https:\\\/\\\/www.schabert.org\\\/tilo\\\/mediathek\\\/\",\"name\":\"Mediathek\",\"isPartOf\":{\"@id\":\"https:\\\/\\\/www.schabert.org\\\/#website\"},\"primaryImageOfPage\":{\"@id\":\"https:\\\/\\\/www.schabert.org\\\/tilo\\\/mediathek\\\/#primaryimage\"},\"image\":{\"@id\":\"https:\\\/\\\/www.schabert.org\\\/tilo\\\/mediathek\\\/#primaryimage\"},\"thumbnailUrl\":\"https:\\\/\\\/www.schabert.org\\\/wp-content\\\/uploads\\\/2020\\\/02\\\/banner3.jpg\",\"datePublished\":\"2020-02-24T18:11:52+00:00\",\"dateModified\":\"2022-10-19T12:31:54+00:00\",\"breadcrumb\":{\"@id\":\"https:\\\/\\\/www.schabert.org\\\/tilo\\\/mediathek\\\/#breadcrumb\"},\"inLanguage\":\"en-GB\",\"potentialAction\":[{\"@type\":\"ReadAction\",\"target\":[\"https:\\\/\\\/www.schabert.org\\\/tilo\\\/mediathek\\\/\"]}]},{\"@type\":\"ImageObject\",\"inLanguage\":\"en-GB\",\"@id\":\"https:\\\/\\\/www.schabert.org\\\/tilo\\\/mediathek\\\/#primaryimage\",\"url\":\"https:\\\/\\\/www.schabert.org\\\/wp-content\\\/uploads\\\/2020\\\/02\\\/banner3.jpg\",\"contentUrl\":\"https:\\\/\\\/www.schabert.org\\\/wp-content\\\/uploads\\\/2020\\\/02\\\/banner3.jpg\",\"width\":1280,\"height\":450},{\"@type\":\"BreadcrumbList\",\"@id\":\"https:\\\/\\\/www.schabert.org\\\/tilo\\\/mediathek\\\/#breadcrumb\",\"itemListElement\":[{\"@type\":\"ListItem\",\"position\":1,\"name\":\"Startseite\",\"item\":\"https:\\\/\\\/www.schabert.org\\\/\"},{\"@type\":\"ListItem\",\"position\":2,\"name\":\"Tilo Schabert\",\"item\":\"https:\\\/\\\/www.schabert.org\\\/tilo\\\/\"},{\"@type\":\"ListItem\",\"position\":3,\"name\":\"Mediathek\"}]},{\"@type\":\"WebSite\",\"@id\":\"https:\\\/\\\/www.schabert.org\\\/#website\",\"url\":\"https:\\\/\\\/www.schabert.org\\\/\",\"name\":\"schabert.org\",\"description\":\"\",\"publisher\":{\"@id\":\"https:\\\/\\\/www.schabert.org\\\/#organization\"},\"potentialAction\":[{\"@type\":\"SearchAction\",\"target\":{\"@type\":\"EntryPoint\",\"urlTemplate\":\"https:\\\/\\\/www.schabert.org\\\/?s={search_term_string}\"},\"query-input\":{\"@type\":\"PropertyValueSpecification\",\"valueRequired\":true,\"valueName\":\"search_term_string\"}}],\"inLanguage\":\"en-GB\"},{\"@type\":\"Organization\",\"@id\":\"https:\\\/\\\/www.schabert.org\\\/#organization\",\"name\":\"www.schabert.org\",\"url\":\"https:\\\/\\\/www.schabert.org\\\/\",\"logo\":{\"@type\":\"ImageObject\",\"inLanguage\":\"en-GB\",\"@id\":\"https:\\\/\\\/www.schabert.org\\\/#\\\/schema\\\/logo\\\/image\\\/\",\"url\":\"https:\\\/\\\/www.schabert.org\\\/wp-content\\\/uploads\\\/2020\\\/02\\\/Logo_schabertorg_3.png\",\"contentUrl\":\"https:\\\/\\\/www.schabert.org\\\/wp-content\\\/uploads\\\/2020\\\/02\\\/Logo_schabertorg_3.png\",\"width\":3000,\"height\":750,\"caption\":\"www.schabert.org\"},\"image\":{\"@id\":\"https:\\\/\\\/www.schabert.org\\\/#\\\/schema\\\/logo\\\/image\\\/\"}}]}<\/script>\n<!-- \/ Yoast SEO plugin. -->","yoast_head_json":{"title":"Mediathek","robots":{"index":"index","follow":"follow","max-snippet":"max-snippet:-1","max-image-preview":"max-image-preview:large","max-video-preview":"max-video-preview:-1"},"canonical":"https:\/\/www.schabert.org\/en\/tilo\/mediathek\/","og_locale":"en_GB","og_type":"article","og_title":"[:de]Mediathek[:en]Mediathek[:fr]Mediathek[:] - schabert.org","og_description":"[vc_row][vc_column width=&#8221;1\/6&#8243; css=&#8221;.vc_custom_1584904592950{margin-right: 50px !important;margin-left: 50px !important;}&#8221;][\/vc_column][vc_column width=&#8221;2\/3&#8243;][vc_column_text css=&#8221;.vc_custom_1585330593712{margin-right: 0px !important;margin-bottom: 15px !important;margin-left: 0px !important;}&#8221;]Lecture: &#8220;The German Revolution 1989-1990: A European Experience&#8220;, 24th June 2017, Sinaia [\u2026]","og_url":"https:\/\/www.schabert.org\/en\/tilo\/mediathek\/","og_site_name":"schabert.org","article_modified_time":"2022-10-19T12:31:54+00:00","og_image":[{"width":1280,"height":450,"url":"https:\/\/www.schabert.org\/wp-content\/uploads\/2020\/02\/banner3.jpg","type":"image\/jpeg"}],"twitter_card":"summary_large_image","twitter_misc":{"Estimated reading time":"1 minute"},"schema":{"@context":"https:\/\/schema.org","@graph":[{"@type":"WebPage","@id":"https:\/\/www.schabert.org\/tilo\/mediathek\/","url":"https:\/\/www.schabert.org\/tilo\/mediathek\/","name":"Mediathek","isPartOf":{"@id":"https:\/\/www.schabert.org\/#website"},"primaryImageOfPage":{"@id":"https:\/\/www.schabert.org\/tilo\/mediathek\/#primaryimage"},"image":{"@id":"https:\/\/www.schabert.org\/tilo\/mediathek\/#primaryimage"},"thumbnailUrl":"https:\/\/www.schabert.org\/wp-content\/uploads\/2020\/02\/banner3.jpg","datePublished":"2020-02-24T18:11:52+00:00","dateModified":"2022-10-19T12:31:54+00:00","breadcrumb":{"@id":"https:\/\/www.schabert.org\/tilo\/mediathek\/#breadcrumb"},"inLanguage":"en-GB","potentialAction":[{"@type":"ReadAction","target":["https:\/\/www.schabert.org\/tilo\/mediathek\/"]}]},{"@type":"ImageObject","inLanguage":"en-GB","@id":"https:\/\/www.schabert.org\/tilo\/mediathek\/#primaryimage","url":"https:\/\/www.schabert.org\/wp-content\/uploads\/2020\/02\/banner3.jpg","contentUrl":"https:\/\/www.schabert.org\/wp-content\/uploads\/2020\/02\/banner3.jpg","width":1280,"height":450},{"@type":"BreadcrumbList","@id":"https:\/\/www.schabert.org\/tilo\/mediathek\/#breadcrumb","itemListElement":[{"@type":"ListItem","position":1,"name":"Startseite","item":"https:\/\/www.schabert.org\/"},{"@type":"ListItem","position":2,"name":"Tilo Schabert","item":"https:\/\/www.schabert.org\/tilo\/"},{"@type":"ListItem","position":3,"name":"Mediathek"}]},{"@type":"WebSite","@id":"https:\/\/www.schabert.org\/#website","url":"https:\/\/www.schabert.org\/","name":"schabert.org","description":"","publisher":{"@id":"https:\/\/www.schabert.org\/#organization"},"potentialAction":[{"@type":"SearchAction","target":{"@type":"EntryPoint","urlTemplate":"https:\/\/www.schabert.org\/?s={search_term_string}"},"query-input":{"@type":"PropertyValueSpecification","valueRequired":true,"valueName":"search_term_string"}}],"inLanguage":"en-GB"},{"@type":"Organization","@id":"https:\/\/www.schabert.org\/#organization","name":"www.schabert.org","url":"https:\/\/www.schabert.org\/","logo":{"@type":"ImageObject","inLanguage":"en-GB","@id":"https:\/\/www.schabert.org\/#\/schema\/logo\/image\/","url":"https:\/\/www.schabert.org\/wp-content\/uploads\/2020\/02\/Logo_schabertorg_3.png","contentUrl":"https:\/\/www.schabert.org\/wp-content\/uploads\/2020\/02\/Logo_schabertorg_3.png","width":3000,"height":750,"caption":"www.schabert.org"},"image":{"@id":"https:\/\/www.schabert.org\/#\/schema\/logo\/image\/"}}]}},"_links":{"self":[{"href":"https:\/\/www.schabert.org\/en\/wp-json\/wp\/v2\/pages\/128","targetHints":{"allow":["GET"]}}],"collection":[{"href":"https:\/\/www.schabert.org\/en\/wp-json\/wp\/v2\/pages"}],"about":[{"href":"https:\/\/www.schabert.org\/en\/wp-json\/wp\/v2\/types\/page"}],"author":[{"embeddable":true,"href":"https:\/\/www.schabert.org\/en\/wp-json\/wp\/v2\/users\/3"}],"replies":[{"embeddable":true,"href":"https:\/\/www.schabert.org\/en\/wp-json\/wp\/v2\/comments?post=128"}],"version-history":[{"count":52,"href":"https:\/\/www.schabert.org\/en\/wp-json\/wp\/v2\/pages\/128\/revisions"}],"predecessor-version":[{"id":1478,"href":"https:\/\/www.schabert.org\/en\/wp-json\/wp\/v2\/pages\/128\/revisions\/1478"}],"up":[{"embeddable":true,"href":"https:\/\/www.schabert.org\/en\/wp-json\/wp\/v2\/pages\/27"}],"wp:featuredmedia":[{"embeddable":true,"href":"https:\/\/www.schabert.org\/en\/wp-json\/wp\/v2\/media\/99"}],"wp:attachment":[{"href":"https:\/\/www.schabert.org\/en\/wp-json\/wp\/v2\/media?parent=128"}],"curies":[{"name":"wp","href":"https:\/\/api.w.org\/{rel}","templated":true}]}}